{"id":1300,"date":"2018-08-06T11:00:27","date_gmt":"2018-08-06T09:00:27","guid":{"rendered":"https:\/\/wst-spannsysteme.de\/products\/spannwellen-zubehoer\/"},"modified":"2021-10-28T14:03:35","modified_gmt":"2021-10-28T12:03:35","slug":"%d0%ba%d0%be%d0%bc%d0%bf%d0%bb%d0%b5%d0%ba%d1%82%d1%83%d1%8e%d1%89%d0%b8%d0%b5-%d0%b4%d0%bb%d1%8f-%d0%bd%d0%b0%d1%82%d1%8f%d0%b6%d0%bd%d0%be%d0%b3%d0%be-%d0%b2%d0%b0%d0%bb%d0%b0","status":"publish","type":"page","link":"https:\/\/wst-spannsysteme.de\/ru\/%d0%bf%d1%80%d0%be%d0%b4%d1%83%d0%ba%d1%86%d0%b8%d1%8f\/%d0%ba%d0%be%d0%bc%d0%bf%d0%bb%d0%b5%d0%ba%d1%82%d1%83%d1%8e%d1%89%d0%b8%d0%b5-%d0%b4%d0%bb%d1%8f-%d0%bd%d0%b0%d1%82%d1%8f%d0%b6%d0%bd%d0%be%d0%b3%d0%be-%d0%b2%d0%b0%d0%bb%d0%b0\/","title":{"rendered":"\u041a\u043e\u043c\u043f\u043b\u0435\u043a\u0442\u0443\u044e\u0449\u0438\u0435 \u0434\u043b\u044f \u043d\u0430\u0442\u044f\u0436\u043d\u043e\u0433\u043e \u0432\u0430\u043b\u0430"},"content":{"rendered":"","protected":false},"excerpt":{"rendered":"","protected":false},"author":2,"featured_media":0,"parent":1076,"menu_order":0,"comment_status":"closed","ping_status":"closed","template":"produkt2.php","meta":{"_acf_changed":false,"footnotes":""},"class_list":["post-1300","page","type-page","status-publish","hentry"],"acf":[],"yoast_head":"<!-- This site is optimized with the Yoast SEO plugin v27.4 - https:\/\/yoast.com\/product\/yoast-seo-wordpress\/ -->\n<title>\u041a\u043e\u043c\u043f\u043b\u0435\u043a\u0442\u0443\u044e\u0449\u0438\u0435 \u0434\u043b\u044f \u043d\u0430\u0442\u044f\u0436\u043d\u043e\u0433\u043e \u0432\u0430\u043b\u0430 - WST-SPANNSYSTEME GMBH<\/title>\n<meta name=\"description\" content=\"Zubeh\u00f6r: F\u00fcllpistole T und W, Ventilstecknippel W, Blaspistole, Manometer, Manometerschutz, Spiralschlauch, F\u00fcllnippel T, Schnellverschraubung, Dichtring, ..\" \/>\n<meta name=\"robots\" content=\"index, follow, max-snippet:-1, max-image-preview:large, max-video-preview:-1\" \/>\n<link rel=\"canonical\" href=\"https:\/\/wst-spannsysteme.de\/ru\/\u043f\u0440\u043e\u0434\u0443\u043a\u0446\u0438\u044f\/\u043a\u043e\u043c\u043f\u043b\u0435\u043a\u0442\u0443\u044e\u0449\u0438\u0435-\u0434\u043b\u044f-\u043d\u0430\u0442\u044f\u0436\u043d\u043e\u0433\u043e-\u0432\u0430\u043b\u0430\/\" \/>\n<meta property=\"og:locale\" content=\"ru_RU\" \/>\n<meta property=\"og:type\" content=\"article\" \/>\n<meta property=\"og:title\" content=\"\u041a\u043e\u043c\u043f\u043b\u0435\u043a\u0442\u0443\u044e\u0449\u0438\u0435 \u0434\u043b\u044f \u043d\u0430\u0442\u044f\u0436\u043d\u043e\u0433\u043e \u0432\u0430\u043b\u0430 - WST-SPANNSYSTEME GMBH\" \/>\n<meta property=\"og:description\" content=\"Zubeh\u00f6r: F\u00fcllpistole T und W, Ventilstecknippel W, Blaspistole, Manometer, Manometerschutz, Spiralschlauch, F\u00fcllnippel T, Schnellverschraubung, Dichtring, ..\" \/>\n<meta property=\"og:url\" content=\"https:\/\/wst-spannsysteme.de\/ru\/\u043f\u0440\u043e\u0434\u0443\u043a\u0446\u0438\u044f\/\u043a\u043e\u043c\u043f\u043b\u0435\u043a\u0442\u0443\u044e\u0449\u0438\u0435-\u0434\u043b\u044f-\u043d\u0430\u0442\u044f\u0436\u043d\u043e\u0433\u043e-\u0432\u0430\u043b\u0430\/\" \/>\n<meta property=\"og:site_name\" content=\"WST-SPANNSYSTEME GMBH\" \/>\n<meta property=\"article:modified_time\" content=\"2021-10-28T12:03:35+00:00\" \/>\n<meta name=\"twitter:card\" content=\"summary_large_image\" \/>\n<script type=\"application\/ld+json\" class=\"yoast-schema-graph\">{\"@context\":\"https:\\\/\\\/schema.org\",\"@graph\":[{\"@type\":\"WebPage\",\"@id\":\"https:\\\/\\\/wst-spannsysteme.de\\\/ru\\\/%d0%bf%d1%80%d0%be%d0%b4%d1%83%d0%ba%d1%86%d0%b8%d1%8f\\\/%d0%ba%d0%be%d0%bc%d0%bf%d0%bb%d0%b5%d0%ba%d1%82%d1%83%d1%8e%d1%89%d0%b8%d0%b5-%d0%b4%d0%bb%d1%8f-%d0%bd%d0%b0%d1%82%d1%8f%d0%b6%d0%bd%d0%be%d0%b3%d0%be-%d0%b2%d0%b0%d0%bb%d0%b0\\\/\",\"url\":\"https:\\\/\\\/wst-spannsysteme.de\\\/ru\\\/%d0%bf%d1%80%d0%be%d0%b4%d1%83%d0%ba%d1%86%d0%b8%d1%8f\\\/%d0%ba%d0%be%d0%bc%d0%bf%d0%bb%d0%b5%d0%ba%d1%82%d1%83%d1%8e%d1%89%d0%b8%d0%b5-%d0%b4%d0%bb%d1%8f-%d0%bd%d0%b0%d1%82%d1%8f%d0%b6%d0%bd%d0%be%d0%b3%d0%be-%d0%b2%d0%b0%d0%bb%d0%b0\\\/\",\"name\":\"\u041a\u043e\u043c\u043f\u043b\u0435\u043a\u0442\u0443\u044e\u0449\u0438\u0435 \u0434\u043b\u044f \u043d\u0430\u0442\u044f\u0436\u043d\u043e\u0433\u043e \u0432\u0430\u043b\u0430 - WST-SPANNSYSTEME GMBH\",\"isPartOf\":{\"@id\":\"https:\\\/\\\/wst-spannsysteme.de\\\/ru\\\/#website\"},\"datePublished\":\"2018-08-06T09:00:27+00:00\",\"dateModified\":\"2021-10-28T12:03:35+00:00\",\"description\":\"Zubeh\u00f6r: F\u00fcllpistole T und W, Ventilstecknippel W, Blaspistole, Manometer, Manometerschutz, Spiralschlauch, F\u00fcllnippel T, Schnellverschraubung, Dichtring, ..\",\"breadcrumb\":{\"@id\":\"https:\\\/\\\/wst-spannsysteme.de\\\/ru\\\/%d0%bf%d1%80%d0%be%d0%b4%d1%83%d0%ba%d1%86%d0%b8%d1%8f\\\/%d0%ba%d0%be%d0%bc%d0%bf%d0%bb%d0%b5%d0%ba%d1%82%d1%83%d1%8e%d1%89%d0%b8%d0%b5-%d0%b4%d0%bb%d1%8f-%d0%bd%d0%b0%d1%82%d1%8f%d0%b6%d0%bd%d0%be%d0%b3%d0%be-%d0%b2%d0%b0%d0%bb%d0%b0\\\/#breadcrumb\"},\"inLanguage\":\"ru-RU\",\"potentialAction\":[{\"@type\":\"ReadAction\",\"target\":[\"https:\\\/\\\/wst-spannsysteme.de\\\/ru\\\/%d0%bf%d1%80%d0%be%d0%b4%d1%83%d0%ba%d1%86%d0%b8%d1%8f\\\/%d0%ba%d0%be%d0%bc%d0%bf%d0%bb%d0%b5%d0%ba%d1%82%d1%83%d1%8e%d1%89%d0%b8%d0%b5-%d0%b4%d0%bb%d1%8f-%d0%bd%d0%b0%d1%82%d1%8f%d0%b6%d0%bd%d0%be%d0%b3%d0%be-%d0%b2%d0%b0%d0%bb%d0%b0\\\/\"]}]},{\"@type\":\"BreadcrumbList\",\"@id\":\"https:\\\/\\\/wst-spannsysteme.de\\\/ru\\\/%d0%bf%d1%80%d0%be%d0%b4%d1%83%d0%ba%d1%86%d0%b8%d1%8f\\\/%d0%ba%d0%be%d0%bc%d0%bf%d0%bb%d0%b5%d0%ba%d1%82%d1%83%d1%8e%d1%89%d0%b8%d0%b5-%d0%b4%d0%bb%d1%8f-%d0%bd%d0%b0%d1%82%d1%8f%d0%b6%d0%bd%d0%be%d0%b3%d0%be-%d0%b2%d0%b0%d0%bb%d0%b0\\\/#breadcrumb\",\"itemListElement\":[{\"@type\":\"ListItem\",\"position\":1,\"name\":\"Startseite\",\"item\":\"https:\\\/\\\/wst-spannsysteme.de\\\/ru\\\/\"},{\"@type\":\"ListItem\",\"position\":2,\"name\":\"\u041f\u0440\u043e\u0434\u0443\u043a\u0446\u0438\u044f\",\"item\":\"https:\\\/\\\/wst-spannsysteme.de\\\/ru\\\/%d0%bf%d1%80%d0%be%d0%b4%d1%83%d0%ba%d1%86%d0%b8%d1%8f\\\/\"},{\"@type\":\"ListItem\",\"position\":3,\"name\":\"\u041a\u043e\u043c\u043f\u043b\u0435\u043a\u0442\u0443\u044e\u0449\u0438\u0435 \u0434\u043b\u044f \u043d\u0430\u0442\u044f\u0436\u043d\u043e\u0433\u043e \u0432\u0430\u043b\u0430\"}]},{\"@type\":\"WebSite\",\"@id\":\"https:\\\/\\\/wst-spannsysteme.de\\\/ru\\\/#website\",\"url\":\"https:\\\/\\\/wst-spannsysteme.de\\\/ru\\\/\",\"name\":\"WST-SPANNSYSTEME GMBH\",\"description\":\"\",\"potentialAction\":[{\"@type\":\"SearchAction\",\"target\":{\"@type\":\"EntryPoint\",\"urlTemplate\":\"https:\\\/\\\/wst-spannsysteme.de\\\/ru\\\/?s={search_term_string}\"},\"query-input\":{\"@type\":\"PropertyValueSpecification\",\"valueRequired\":true,\"valueName\":\"search_term_string\"}}],\"inLanguage\":\"ru-RU\"}]}<\/script>\n<!-- \/ Yoast SEO plugin. -->","yoast_head_json":{"title":"\u041a\u043e\u043c\u043f\u043b\u0435\u043a\u0442\u0443\u044e\u0449\u0438\u0435 \u0434\u043b\u044f \u043d\u0430\u0442\u044f\u0436\u043d\u043e\u0433\u043e \u0432\u0430\u043b\u0430 - WST-SPANNSYSTEME GMBH","description":"Zubeh\u00f6r: F\u00fcllpistole T und W, Ventilstecknippel W, Blaspistole, Manometer, Manometerschutz, Spiralschlauch, F\u00fcllnippel T, Schnellverschraubung, Dichtring, ..","robots":{"index":"index","follow":"follow","max-snippet":"max-snippet:-1","max-image-preview":"max-image-preview:large","max-video-preview":"max-video-preview:-1"},"canonical":"https:\/\/wst-spannsysteme.de\/ru\/\u043f\u0440\u043e\u0434\u0443\u043a\u0446\u0438\u044f\/\u043a\u043e\u043c\u043f\u043b\u0435\u043a\u0442\u0443\u044e\u0449\u0438\u0435-\u0434\u043b\u044f-\u043d\u0430\u0442\u044f\u0436\u043d\u043e\u0433\u043e-\u0432\u0430\u043b\u0430\/","og_locale":"ru_RU","og_type":"article","og_title":"\u041a\u043e\u043c\u043f\u043b\u0435\u043a\u0442\u0443\u044e\u0449\u0438\u0435 \u0434\u043b\u044f \u043d\u0430\u0442\u044f\u0436\u043d\u043e\u0433\u043e \u0432\u0430\u043b\u0430 - WST-SPANNSYSTEME GMBH","og_description":"Zubeh\u00f6r: F\u00fcllpistole T und W, Ventilstecknippel W, Blaspistole, Manometer, Manometerschutz, Spiralschlauch, F\u00fcllnippel T, Schnellverschraubung, Dichtring, ..","og_url":"https:\/\/wst-spannsysteme.de\/ru\/\u043f\u0440\u043e\u0434\u0443\u043a\u0446\u0438\u044f\/\u043a\u043e\u043c\u043f\u043b\u0435\u043a\u0442\u0443\u044e\u0449\u0438\u0435-\u0434\u043b\u044f-\u043d\u0430\u0442\u044f\u0436\u043d\u043e\u0433\u043e-\u0432\u0430\u043b\u0430\/","og_site_name":"WST-SPANNSYSTEME GMBH","article_modified_time":"2021-10-28T12:03:35+00:00","twitter_card":"summary_large_image","schema":{"@context":"https:\/\/schema.org","@graph":[{"@type":"WebPage","@id":"https:\/\/wst-spannsysteme.de\/ru\/%d0%bf%d1%80%d0%be%d0%b4%d1%83%d0%ba%d1%86%d0%b8%d1%8f\/%d0%ba%d0%be%d0%bc%d0%bf%d0%bb%d0%b5%d0%ba%d1%82%d1%83%d1%8e%d1%89%d0%b8%d0%b5-%d0%b4%d0%bb%d1%8f-%d0%bd%d0%b0%d1%82%d1%8f%d0%b6%d0%bd%d0%be%d0%b3%d0%be-%d0%b2%d0%b0%d0%bb%d0%b0\/","url":"https:\/\/wst-spannsysteme.de\/ru\/%d0%bf%d1%80%d0%be%d0%b4%d1%83%d0%ba%d1%86%d0%b8%d1%8f\/%d0%ba%d0%be%d0%bc%d0%bf%d0%bb%d0%b5%d0%ba%d1%82%d1%83%d1%8e%d1%89%d0%b8%d0%b5-%d0%b4%d0%bb%d1%8f-%d0%bd%d0%b0%d1%82%d1%8f%d0%b6%d0%bd%d0%be%d0%b3%d0%be-%d0%b2%d0%b0%d0%bb%d0%b0\/","name":"\u041a\u043e\u043c\u043f\u043b\u0435\u043a\u0442\u0443\u044e\u0449\u0438\u0435 \u0434\u043b\u044f \u043d\u0430\u0442\u044f\u0436\u043d\u043e\u0433\u043e \u0432\u0430\u043b\u0430 - WST-SPANNSYSTEME GMBH","isPartOf":{"@id":"https:\/\/wst-spannsysteme.de\/ru\/#website"},"datePublished":"2018-08-06T09:00:27+00:00","dateModified":"2021-10-28T12:03:35+00:00","description":"Zubeh\u00f6r: F\u00fcllpistole T und W, Ventilstecknippel W, Blaspistole, Manometer, Manometerschutz, Spiralschlauch, F\u00fcllnippel T, Schnellverschraubung, Dichtring, ..","breadcrumb":{"@id":"https:\/\/wst-spannsysteme.de\/ru\/%d0%bf%d1%80%d0%be%d0%b4%d1%83%d0%ba%d1%86%d0%b8%d1%8f\/%d0%ba%d0%be%d0%bc%d0%bf%d0%bb%d0%b5%d0%ba%d1%82%d1%83%d1%8e%d1%89%d0%b8%d0%b5-%d0%b4%d0%bb%d1%8f-%d0%bd%d0%b0%d1%82%d1%8f%d0%b6%d0%bd%d0%be%d0%b3%d0%be-%d0%b2%d0%b0%d0%bb%d0%b0\/#breadcrumb"},"inLanguage":"ru-RU","potentialAction":[{"@type":"ReadAction","target":["https:\/\/wst-spannsysteme.de\/ru\/%d0%bf%d1%80%d0%be%d0%b4%d1%83%d0%ba%d1%86%d0%b8%d1%8f\/%d0%ba%d0%be%d0%bc%d0%bf%d0%bb%d0%b5%d0%ba%d1%82%d1%83%d1%8e%d1%89%d0%b8%d0%b5-%d0%b4%d0%bb%d1%8f-%d0%bd%d0%b0%d1%82%d1%8f%d0%b6%d0%bd%d0%be%d0%b3%d0%be-%d0%b2%d0%b0%d0%bb%d0%b0\/"]}]},{"@type":"BreadcrumbList","@id":"https:\/\/wst-spannsysteme.de\/ru\/%d0%bf%d1%80%d0%be%d0%b4%d1%83%d0%ba%d1%86%d0%b8%d1%8f\/%d0%ba%d0%be%d0%bc%d0%bf%d0%bb%d0%b5%d0%ba%d1%82%d1%83%d1%8e%d1%89%d0%b8%d0%b5-%d0%b4%d0%bb%d1%8f-%d0%bd%d0%b0%d1%82%d1%8f%d0%b6%d0%bd%d0%be%d0%b3%d0%be-%d0%b2%d0%b0%d0%bb%d0%b0\/#breadcrumb","itemListElement":[{"@type":"ListItem","position":1,"name":"Startseite","item":"https:\/\/wst-spannsysteme.de\/ru\/"},{"@type":"ListItem","position":2,"name":"\u041f\u0440\u043e\u0434\u0443\u043a\u0446\u0438\u044f","item":"https:\/\/wst-spannsysteme.de\/ru\/%d0%bf%d1%80%d0%be%d0%b4%d1%83%d0%ba%d1%86%d0%b8%d1%8f\/"},{"@type":"ListItem","position":3,"name":"\u041a\u043e\u043c\u043f\u043b\u0435\u043a\u0442\u0443\u044e\u0449\u0438\u0435 \u0434\u043b\u044f \u043d\u0430\u0442\u044f\u0436\u043d\u043e\u0433\u043e \u0432\u0430\u043b\u0430"}]},{"@type":"WebSite","@id":"https:\/\/wst-spannsysteme.de\/ru\/#website","url":"https:\/\/wst-spannsysteme.de\/ru\/","name":"WST-SPANNSYSTEME GMBH","description":"","potentialAction":[{"@type":"SearchAction","target":{"@type":"EntryPoint","urlTemplate":"https:\/\/wst-spannsysteme.de\/ru\/?s={search_term_string}"},"query-input":{"@type":"PropertyValueSpecification","valueRequired":true,"valueName":"search_term_string"}}],"inLanguage":"ru-RU"}]}},"_links":{"self":[{"href":"https:\/\/wst-spannsysteme.de\/ru\/wp-json\/wp\/v2\/pages\/1300","targetHints":{"allow":["GET"]}}],"collection":[{"href":"https:\/\/wst-spannsysteme.de\/ru\/wp-json\/wp\/v2\/pages"}],"about":[{"href":"https:\/\/wst-spannsysteme.de\/ru\/wp-json\/wp\/v2\/types\/page"}],"author":[{"embeddable":true,"href":"https:\/\/wst-spannsysteme.de\/ru\/wp-json\/wp\/v2\/users\/2"}],"replies":[{"embeddable":true,"href":"https:\/\/wst-spannsysteme.de\/ru\/wp-json\/wp\/v2\/comments?post=1300"}],"version-history":[{"count":4,"href":"https:\/\/wst-spannsysteme.de\/ru\/wp-json\/wp\/v2\/pages\/1300\/revisions"}],"predecessor-version":[{"id":1585,"href":"https:\/\/wst-spannsysteme.de\/ru\/wp-json\/wp\/v2\/pages\/1300\/revisions\/1585"}],"up":[{"embeddable":true,"href":"https:\/\/wst-spannsysteme.de\/ru\/wp-json\/wp\/v2\/pages\/1076"}],"wp:attachment":[{"href":"https:\/\/wst-spannsysteme.de\/ru\/wp-json\/wp\/v2\/media?parent=1300"}],"curies":[{"name":"wp","href":"https:\/\/api.w.org\/{rel}","templated":true}]}}