{"id":1208,"date":"2018-11-19T14:16:46","date_gmt":"2018-11-19T13:16:46","guid":{"rendered":"https:\/\/wst-spannsysteme.de\/data-protection\/"},"modified":"2022-10-27T08:53:18","modified_gmt":"2022-10-27T06:53:18","slug":"protection-des-donnees","status":"publish","type":"page","link":"https:\/\/wst-spannsysteme.de\/fr\/protection-des-donnees\/","title":{"rendered":"Protection des donn\u00e9es"},"content":{"rendered":"<div class=\"avalex-container\" style=\"position: relative;\">\n<div style=\"display: inline-block; word-break: break-all;\">\n<h2>Table des mati\u00e8res<\/h2>\n<\/div>\n<ul style=\"padding-left: 0 !important; list-style-type: none !important;\">\n<li><a href=\"#allgemeines\">I. G\u00e9n\u00e9ralit\u00e9s<\/a><\/li>\n<li><a href=\"#verantwortliche-stelle\">II. Organisme responsable<\/a><\/li>\n<li><a href=\"#ihre-rechte\">III. Vos droits<\/a><\/li>\n<li><a href=\"#verarbeitung-personenbezogener-daten-bei-informatorischer-nutzung-unserer-webseite\">IV. Traitement des donn\u00e9es \u00e0 caract\u00e8re personnel lors de l&rsquo;utilisation informative de notre site web<\/a><\/li>\n<li><a href=\"#verarbeitung-personenbezogener-daten-durch-cookies\">V. Traitement des donn\u00e9es \u00e0 caract\u00e8re personnel par les cookies<\/a><\/li>\n<li><a href=\"#weitere-funktionen-und-angebote-unserer-webseite\">VI. Autres fonctions et offres sur notre site web<\/a><\/li>\n<li><a href=\"#kontaktaufnahme\">VII. Contact<\/a><\/li>\n<li><a href=\"#serverstandort\">VIII. Emplacement du serveur<\/a><\/li>\n<\/ul>\n<h2 id=\"allgemeines\">I. G\u00e9n\u00e9ralit\u00e9s<\/h2>\n<p>(1) Nous vous informons ci-apr\u00e8s de la collecte de donn\u00e9es \u00e0 caract\u00e8re personnel lors de l&rsquo;utilisation de notre site web.<\/p>\n<p>(2) Le terme \u00ab donn\u00e9es \u00e0 caract\u00e8re personnel \u00bb d\u00e9signe, en r\u00e9f\u00e9rence \u00e0 la d\u00e9finition de l&rsquo;article 4 n\u00b01 du R\u00e8glement (UE) 2016\/679 (ci-apr\u00e8s d\u00e9nomm\u00e9 \u00ab R\u00e8glement g\u00e9n\u00e9ral sur la protection des donn\u00e9es \u00bb, abr\u00e9g\u00e9 \u00ab RGPD \u00bb), toutes les donn\u00e9es qui peuvent \u00eatre li\u00e9es \u00e0 vous personnellement. Cela comprend, par exemple, le nom, l&rsquo;adresse, l&rsquo;adresse \u00e9lectronique, le comportement d&rsquo;utilisateur. En ce qui concerne les autres termes, en particulier les termes \u00ab traitement \u00bb, \u00ab responsable \u00bb, \u00ab sous-traitant \u00bb et \u00ab consentement \u00bb, nous nous r\u00e9f\u00e9rons aux d\u00e9finitions l\u00e9gales de protection des donn\u00e9es de l&rsquo;article 4 du RGPD.<\/p>\n<p>(3) Par principe, nous ne traitons les donn\u00e9es \u00e0 caract\u00e8re personnel que dans la mesure o\u00f9 cela est n\u00e9cessaire pour la mise \u00e0 disposition d&rsquo;un site web fonctionnel et des contenus et services que nous proposons. Les donn\u00e9es \u00e0 caract\u00e8re personnel ne sont r\u00e9guli\u00e8rement trait\u00e9es que si vous nous avez donn\u00e9 votre consentement au sens de l&rsquo;article 6 (1) a) du RGPD ou si le traitement est autoris\u00e9 par les dispositions l\u00e9gales, notamment par l&rsquo;une des bases l\u00e9gales sp\u00e9cifi\u00e9es \u00e0 l&rsquo;article 6 (1) b) \u00e0 f) du RGPD.<\/p>\n<p>(4) Vos donn\u00e9es \u00e0 caract\u00e8re personnel seront supprim\u00e9es ou bloqu\u00e9es d\u00e8s que la finalit\u00e9 du stockage cessera d&rsquo;\u00eatre applicable. En outre, un stockage peut avoir lieu si cela est pr\u00e9vu par les r\u00e9glementations nationales ou europ\u00e9ennes auxquelles nous sommes soumis. Dans ce cas, les donn\u00e9es seront bloqu\u00e9es ou supprim\u00e9es \u00e0 l&rsquo;expiration de la p\u00e9riode de conservation prescrite par les r\u00e8glements respectifs. Cette derni\u00e8re disposition ne s&rsquo;applique pas si le stockage ult\u00e9rieur des donn\u00e9es est n\u00e9cessaire \u00e0 la conclusion ou \u00e0 l&rsquo;ex\u00e9cution d&rsquo;un contrat.<\/p>\n<p>(5) Dans la mesure o\u00f9 nous faisons appel \u00e0 des prestataires de services mandat\u00e9s pour certaines fonctions de notre site web ou souhaitons utiliser vos donn\u00e9es \u00e0 des fins publicitaires, nous vous informerons en d\u00e9tail des processus respectifs ci-dessous.<\/p>\n<h2 id=\"verantwortliche-stelle\">II. Organisme responsable<\/h2>\n<p>(1) Le responsable au sens de l&rsquo;article 4 n\u00b07 du RGPD, des autres lois sur la protection des donn\u00e9es applicables dans les \u00c9tats membres de l&rsquo;Union europ\u00e9enne et d&rsquo;autres r\u00e8glements ainsi que des dispositions de nature \u00e0 prot\u00e9ger les donn\u00e9es est\u00a0:<\/p>\n<p>WST Spannsysteme GmbH<br \/>\nDirecteur g\u00e9n\u00e9ral\u00a0: Andreas Biester<\/p>\n<p>Am Fledderbach 7<br \/>\n49201 Dissen a.T.W.<\/p>\n<p>T\u00e9l.\u00a0: +49 5421 93190<br \/>\nFax\u00a0: +49 5421 931919<br \/>\nE-mail: <a href=\"mailto:info@wst-spannsysteme.de\">info@wst-spannsysteme.de<\/a><\/p>\n<p>Tribunal d&rsquo;enregistrement\u00a0: Tribunal d&rsquo;instance d&rsquo;Osnabr\u00fcck<br \/>\nNum\u00e9ro d&rsquo;enregistrement\u00a0: HRB 207314<\/p>\n<p>(2) Vous trouverez de plus amples informations sur l&rsquo;organisme responsable dans nos mentions l\u00e9gales.<\/p>\n<h2 id=\"ihre-rechte\">III. Vos droits<\/h2>\n<p>(1) Vous avez les droits suivants en ce qui concerne les donn\u00e9es \u00e0 caract\u00e8re personnel vous concernant\u00a0:<\/p>\n<ul>\n<li>le droit \u00e0 l&rsquo;information,<\/li>\n<li>le droit de rectification et d&rsquo;effacement,<\/li>\n<li>le droit de restreindre le traitement,<\/li>\n<li>le droit de s&rsquo;opposer au traitement,<\/li>\n<li>le droit \u00e0 la portabilit\u00e9 des donn\u00e9es.<\/li>\n<\/ul>\n<p>(2) Vous avez \u00e9galement le droit de d\u00e9poser une plainte aupr\u00e8s d&rsquo;une autorit\u00e9 de contr\u00f4le de la protection des donn\u00e9es concernant le traitement de vos donn\u00e9es \u00e0 caract\u00e8re personnel par nos soins.<\/p>\n<h2 id=\"verarbeitung-personenbezogener-daten-bei-informatorischer-nutzung-unserer-webseite\">IV. Traitement des donn\u00e9es \u00e0 caract\u00e8re personnel lors de l&rsquo;utilisation informative de notre site web<\/h2>\n<p>(1) Si vous acc\u00e9dez \u00e0 notre site web sans vous inscrire ou sans nous fournir d&rsquo;autres informations (\u00ab\u00a0utilisation informative\u00a0\u00bb), nous ne recueillons que les donn\u00e9es \u00e0 caract\u00e8re personnel que votre navigateur web transmet \u00e0 notre serveur. Si vous souhaitez consulter notre site web, nous recueillons les donn\u00e9es suivantes, qui nous sont techniquement n\u00e9cessaires pour vous permettre de consulter notre site web et pour en assurer la stabilit\u00e9 et la s\u00e9curit\u00e9\u00a0: adresse IP, date et heure de la demande, diff\u00e9rence de fuseau horaire par rapport \u00e0 l&rsquo;heure GMT, contenu de la page web, statut d&rsquo;acc\u00e8s (statut HTTP), volume de donn\u00e9es transf\u00e9r\u00e9es, site web demandeur, navigateur web, syst\u00e8me d&rsquo;exploitation, langue et version du navigateur<\/p>\n<p>(2) Les donn\u00e9es susmentionn\u00e9es sont \u00e9galement stock\u00e9es dans ce que l&rsquo;on appelle des fichiers journaux sur nos serveurs. Ces donn\u00e9es ne sont pas stock\u00e9es avec d&rsquo;autres donn\u00e9es \u00e0 caract\u00e8re personnel vous concernant.<\/p>\n<p>(3) La collecte et le stockage temporaire de l&rsquo;adresse IP sont n\u00e9cessaires pour permettre l&rsquo;acc\u00e8s \u00e0 notre site web \u00e0 votre appareil final. \u00c0 cette fin, votre adresse IP doit \u00eatre stock\u00e9e pendant toute la dur\u00e9e de votre visite sur notre site web.<\/p>\n<p>(4) Le stockage des donn\u00e9es susmentionn\u00e9es dans des fichiers journaux sert \u00e0 assurer la fonctionnalit\u00e9 et l&rsquo;optimisation de notre site web ainsi qu&rsquo;\u00e0 garantir la s\u00e9curit\u00e9 de nos syst\u00e8mes informatiques.<\/p>\n<p>(5) Ces donn\u00e9es ne sont pas \u00e9valu\u00e9es des fins de marketing. Notre int\u00e9r\u00eat l\u00e9gitime dans le traitement des donn\u00e9es r\u00e9side dans les objectifs susmentionn\u00e9s. La base juridique de la collecte et du stockage temporaire des donn\u00e9es susmentionn\u00e9es et des fichiers journaux est l&rsquo;article 6, paragraphe 1, point 1, lettre f) du RGPD. Les donn\u00e9es susmentionn\u00e9es pour la mise \u00e0 disposition de notre site web sont supprim\u00e9es \u00e0 la fin de la session concern\u00e9e. La collecte des donn\u00e9es susmentionn\u00e9es pour fournir notre site web et le stockage de ces donn\u00e9es dans des fichiers journaux sont absolument n\u00e9cessaires au fonctionnement de notre site web. Vous n\u2019avez aucune possibilit\u00e9 de vous y opposer.<\/p>\n<h2 id=\"verarbeitung-personenbezogener-daten-durch-cookies\">V. Traitement des donn\u00e9es \u00e0 caract\u00e8re personnel par les cookies<\/h2>\n<p>(1) Nous utilisons des cookies sur notre site web. Les cookies sont de petits fichiers texte qui sont stock\u00e9s sur le support de stockage de votre appareil final, par exemple sur un disque dur, et qui nous fournissent, en tant qu&rsquo;organisme qui place le cookie, certaines informations. Les cookies ne peuvent pas ex\u00e9cuter de programmes ni transmettre de virus \u00e0 votre terminal. Ce site web utilise les types de cookies suivants, dont la port\u00e9e et la fonctionnalit\u00e9 sont expliqu\u00e9es ci-dessous.<\/p>\n<p>(2) Les cookies qui sont stock\u00e9s associ\u00e9s \u00e0 votre navigateur web:<\/p>\n<ul>\n<li>Cookies transitoires\u00a0: Ces cookies sont automatiquement supprim\u00e9s lorsque vous fermez votre navigateur web. Il s&rsquo;agit notamment des cookies de session. Ceux-ci stockent ce que l&rsquo;on un ID de session, qui peut \u00eatre utilis\u00e9 pour attribuer diff\u00e9rentes demandes de votre navigateur web \u00e0 la session commune. Cela permet \u00e0 votre terminal d&rsquo;\u00eatre reconnu lorsque vous revenez sur notre site web. Les cookies de session sont supprim\u00e9s d\u00e8s que vous vous d\u00e9connectez ou fermez le navigateur web.<\/li>\n<li>Cookies persistants\u00a0: Ces cookies sont automatiquement supprim\u00e9s apr\u00e8s une p\u00e9riode pr\u00e9d\u00e9finie, qui peut diff\u00e9rer selon le cookie. Vous pouvez supprimer ces cookies \u00e0 tout moment dans les param\u00e8tres de votre navigateur web.<\/li>\n<\/ul>\n<p>(3) Le traitement des donn\u00e9es \u00e0 caract\u00e8re personnel par les cookies susmentionn\u00e9s sert \u00e0 rendre l&rsquo;offre de notre site web dans son ensemble plus conviviale et plus efficace pour vous. Certaines fonctions de notre site web ne peuvent \u00eatre accessibles sans l&rsquo;utilisation de ces cookies. Certaines fonctionnalit\u00e9s particuli\u00e8res de notre site web n\u00e9cessitent que votre navigateur web puisse encore \u00eatre identifi\u00e9 apr\u00e8s un changement de page. Si vous avez un compte, nous utilisons les cookies pour vous identifier lors de vos visites ult\u00e9rieures. Cela vous \u00e9vite de devoir vous reconnecter \u00e0 chaque fois que vous visitez notre site web. Les donn\u00e9es trait\u00e9es par les cookies qui sont n\u00e9cessaires \u00e0 la fourniture des fonctions de notre site web ne sont pas utilis\u00e9es pour cr\u00e9er des profils d&rsquo;utilisateurs. Quand les cookies sont utilis\u00e9s \u00e0 des fins d&rsquo;analyse, ils servent \u00e0 am\u00e9liorer la qualit\u00e9 et la convivialit\u00e9 de notre site web, de son contenu et de ses fonctions. Ils nous permettent de suivre l&rsquo;utilisation du site web, de ses fonctionnalit\u00e9s et de la fr\u00e9quence \u00e0 laquelle elles sont utilis\u00e9es. Cela nous permet d&rsquo;optimiser en permanence notre offre.<\/p>\n<p>(4) Notre int\u00e9r\u00eat l\u00e9gitime dans le traitement des donn\u00e9es r\u00e9side dans les objectifs ci-dessus. La base juridique est l&rsquo;article 6, paragraphe 1, lettre f) du RGPD.<\/p>\n<p>(5) Les cookies list\u00e9s ci-dessus sont stock\u00e9s sur votre terminal et transmis de celui-ci \u00e0 notre serveur. Vous pouvez donc configurer vous-m\u00eame le traitement des donn\u00e9es et des informations par les cookies. Vous pouvez effectuer les configurations appropri\u00e9es dans les param\u00e8tres de votre navigateur web, gr\u00e2ce auxquels vous pouvez, par exemple, rejeter les cookies tiers ou les cookies tout court. \u00c0 ce sujet, nous attirons votre attention sur le fait que vous ne pourrez peut-\u00eatre pas utiliser correctement toutes les fonctions de notre site web. En outre, nous recommandons une suppression manuelle r\u00e9guli\u00e8re des cookies ainsi que de l&rsquo;historique de votre navigateur.<\/p>\n<h2 id=\"weitere-funktionen-und-angebote-unserer-webseite\">VI. Autres fonctions et offres sur notre site web<\/h2>\n<p>(1) En plus de l&rsquo;utilisation informative de notre site web mentionn\u00e9e ci-dessus, nous proposons diff\u00e9rents services que vous pouvez utiliser si vous \u00eates int\u00e9ress\u00e9. Cela n\u00e9cessite g\u00e9n\u00e9ralement de fournir d&rsquo;autres donn\u00e9es \u00e0 caract\u00e8re personnel. Nous avons besoin de ces donn\u00e9es pour fournir le service sollicit\u00e9. Les principes de traitement des donn\u00e9es susmentionn\u00e9s s&rsquo;appliquent \u00e0 cet \u00e9gard.<\/p>\n<p>(2) Dans certains cas, nous faisons appel \u00e0 des prestataires de services externes que nous avons soigneusement s\u00e9lectionn\u00e9s et mandat\u00e9s pour traiter ces donn\u00e9es. Ces prestataires de services sont tenus de respecter nos instructions et sont r\u00e9guli\u00e8rement contr\u00f4l\u00e9s par nos soins. Dans la mesure o\u00f9 des donn\u00e9es personnelles sont transmises \u00e0 des tiers dans le cadre de services que nous proposons avec des partenaires, vous trouverez des informations plus d\u00e9taill\u00e9es dans les descriptions suivantes des diff\u00e9rents services. Si ces tiers sont bas\u00e9s dans un pays situ\u00e9 en dehors de l&rsquo;Espace \u00e9conomique europ\u00e9en, vous trouverez des informations plus d\u00e9taill\u00e9es sur les cons\u00e9quences de cette circonstance dans les descriptions suivantes des diff\u00e9rents services.<\/p>\n<h2 id=\"kontaktaufnahme\">VII. Contact<\/h2>\n<p>(1) Si vous nous contactez par e-mail, les donn\u00e9es \u00e0 caract\u00e8re que vous nous envoyez avec votre e-mail seront stock\u00e9es.<\/p>\n<p>(2) Nous disposons \u00e9galement d&rsquo;un formulaire de contact sur notre site web que vous pouvez utiliser pour nous contacter. Les donn\u00e9es que vous saisissez dans le masque de saisie nous sont transmises et sont enregistr\u00e9es\u00a0: Civilit\u00e9, pr\u00e9nom, nom, adresse \u00e9lectronique, adresse, t\u00e9l\u00e9phone, message, d\u00e9tails de la demande.<\/p>\n<p>(3) Les donn\u00e9es ne seront utilis\u00e9es que pour r\u00e9pondre \u00e0 vos questions. Sauf mention explicite dans la pr\u00e9sente politique de confidentialit\u00e9, les donn\u00e9es ne seront pas transmises \u00e0 des tiers. En outre, nous enregistrons votre adresse IP et l&rsquo;heure de l&rsquo;envoi.<\/p>\n<p>(4) Le traitement des donn\u00e9es personnelles susmentionn\u00e9es a pour seul but de traiter vos demandes.<\/p>\n<p>(5) Le traitement d&rsquo;autres donn\u00e9es \u00e0 caract\u00e8re personnel, g\u00e9n\u00e9r\u00e9es par l&rsquo;utilisation du formulaire de contact mis \u00e0 disposition sur notre site web, sert \u00e0 pr\u00e9venir les abus et \u00e0 assurer la s\u00e9curit\u00e9 de nos syst\u00e8mes informatiques.<\/p>\n<p>(6) Notre int\u00e9r\u00eat l\u00e9gitime \u00e0 traiter vos donn\u00e9es \u00e0 caract\u00e8re personnel consiste aussi en cela. Si vous nous avez donn\u00e9 votre consentement \u00e0 cet \u00e9gard, la base juridique du traitement de ces donn\u00e9es est l&rsquo;article 6, paragraphe 1, point a), du RGPD. En outre, la base juridique pour le traitement de ces donn\u00e9es est l&rsquo;article 6 paragraphe 1, point f) du RGPD, en particulier dans le cas o\u00f9 les donn\u00e9es nous sont transmises par vous via l&rsquo;envoi d&rsquo;un e-mail. Dans la mesure o\u00f9 vous souhaitez conclure un contrat par le biais de votre e-mail, l&rsquo;article 6, paragraphe 1, point b) du RGPD constitue une base juridique suppl\u00e9mentaire.<\/p>\n<p>(7) Sous r\u00e9serve des d\u00e9lais de conservation l\u00e9gaux, les donn\u00e9es seront supprim\u00e9es d\u00e8s que nous aurons d\u00e9finitivement trait\u00e9 votre demande. En nous contactant par e-mail, vous pouvez \u00e0 tout moment vous opposer au stockage de vos donn\u00e9es \u00e0 caract\u00e8re personnel. Veuillez noter que dans ce cas, votre demande ne pourra pas \u00eatre trait\u00e9e davantage. Vous pouvez d\u00e9clarer la r\u00e9vocation ou l&rsquo;objection en envoyant un e-mail \u00e0 notre adresse e-mail indiqu\u00e9e dans les mentions l\u00e9gales.<\/p>\n<h2 id=\"serverstandort\">VIII. Emplacement du serveur<\/h2>\n<p>Nous traitons et\/ou stockons vos donn\u00e9es \u00e0 caract\u00e8re sur un serveur d&rsquo;un fournisseur externe dans l&rsquo;Union europ\u00e9enne. Cela permet de s&rsquo;assurer que les normes et r\u00e9glementations de la l\u00e9gislation europ\u00e9enne sur la protection des donn\u00e9es sont respect\u00e9es.<\/p>\n<div class=\"mkb-anchor mkb-clearfix mkb-back-to-top-inline\">\n<h2><\/h2>\n<h2 class=\"mkb-anchor__title\">Cookie de Borlabs<\/h2>\n<\/div>\n<p>Ce site utilise le cookie de Borlab, qui place un cookie techniquement n\u00e9cessaire (borlabs-cookie) pour enregistrer vos consentements en mati\u00e8re de cookies.<\/p>\n<p>Le cookie de Borlab ne traite aucune donn\u00e9e personnelle.<\/p>\n<p>Le cookie borlabs-cookie enregistre les consentements que vous avez donn\u00e9s lorsque vous avez acc\u00e9d\u00e9 au site web. Si vous souhaitez r\u00e9voquer ces consentements, il vous suffit de supprimer le cookie dans votre navigateur. Si vous acc\u00e9dez \u00e0 nouveau au site web\/le rechargez, il vous sera \u00e0 nouveau demand\u00e9 de donner votre accord pour le cookie.Traduit avec www.DeepL.com\/Translator (version gratuite)<\/p>\n<\/div>\n","protected":false},"excerpt":{"rendered":"<p>Table des mati\u00e8res I. G\u00e9n\u00e9ralit\u00e9s II. Organisme responsable III. Vos droits IV. Traitement des donn\u00e9es \u00e0 caract\u00e8re personnel lors de l&rsquo;utilisation informative de notre site web V. Traitement des donn\u00e9es \u00e0 caract\u00e8re personnel par les cookies VI. Autres fonctions et offres sur notre site web VII. Contact VIII. Emplacement du serveur I. G\u00e9n\u00e9ralit\u00e9s (1) Nous [&hellip;]<\/p>\n","protected":false},"author":2,"featured_media":0,"parent":0,"menu_order":0,"comment_status":"closed","ping_status":"closed","template":"","meta":{"_acf_changed":false,"footnotes":""},"class_list":["post-1208","page","type-page","status-publish","hentry"],"acf":[],"yoast_head":"<!-- This site is optimized with the Yoast SEO plugin v27.4 - https:\/\/yoast.com\/product\/yoast-seo-wordpress\/ -->\n<title>Protection des donn\u00e9es - WST-SPANNSYSTEME GMBH<\/title>\n<meta name=\"robots\" content=\"index, follow, max-snippet:-1, max-image-preview:large, max-video-preview:-1\" \/>\n<link rel=\"canonical\" href=\"https:\/\/wst-spannsysteme.de\/fr\/protection-des-donnees\/\" \/>\n<meta property=\"og:locale\" content=\"fr_FR\" \/>\n<meta property=\"og:type\" content=\"article\" \/>\n<meta property=\"og:title\" content=\"Protection des donn\u00e9es - WST-SPANNSYSTEME GMBH\" \/>\n<meta property=\"og:description\" content=\"Table des mati\u00e8res I. G\u00e9n\u00e9ralit\u00e9s II. Organisme responsable III. Vos droits IV. Traitement des donn\u00e9es \u00e0 caract\u00e8re personnel lors de l&rsquo;utilisation informative de notre site web V. Traitement des donn\u00e9es \u00e0 caract\u00e8re personnel par les cookies VI. Autres fonctions et offres sur notre site web VII. Contact VIII. Emplacement du serveur I. G\u00e9n\u00e9ralit\u00e9s (1) Nous [&hellip;]\" \/>\n<meta property=\"og:url\" content=\"https:\/\/wst-spannsysteme.de\/fr\/protection-des-donnees\/\" \/>\n<meta property=\"og:site_name\" content=\"WST-SPANNSYSTEME GMBH\" \/>\n<meta property=\"article:modified_time\" content=\"2022-10-27T06:53:18+00:00\" \/>\n<meta name=\"twitter:card\" content=\"summary_large_image\" \/>\n<meta name=\"twitter:label1\" content=\"Dur\u00e9e de lecture estim\u00e9e\" \/>\n\t<meta name=\"twitter:data1\" content=\"12 minutes\" \/>\n<script type=\"application\/ld+json\" class=\"yoast-schema-graph\">{\"@context\":\"https:\\\/\\\/schema.org\",\"@graph\":[{\"@type\":\"WebPage\",\"@id\":\"https:\\\/\\\/wst-spannsysteme.de\\\/fr\\\/protection-des-donnees\\\/\",\"url\":\"https:\\\/\\\/wst-spannsysteme.de\\\/fr\\\/protection-des-donnees\\\/\",\"name\":\"Protection des donn\u00e9es - WST-SPANNSYSTEME GMBH\",\"isPartOf\":{\"@id\":\"https:\\\/\\\/wst-spannsysteme.de\\\/ru\\\/#website\"},\"datePublished\":\"2018-11-19T13:16:46+00:00\",\"dateModified\":\"2022-10-27T06:53:18+00:00\",\"breadcrumb\":{\"@id\":\"https:\\\/\\\/wst-spannsysteme.de\\\/fr\\\/protection-des-donnees\\\/#breadcrumb\"},\"inLanguage\":\"fr-FR\",\"potentialAction\":[{\"@type\":\"ReadAction\",\"target\":[\"https:\\\/\\\/wst-spannsysteme.de\\\/fr\\\/protection-des-donnees\\\/\"]}]},{\"@type\":\"BreadcrumbList\",\"@id\":\"https:\\\/\\\/wst-spannsysteme.de\\\/fr\\\/protection-des-donnees\\\/#breadcrumb\",\"itemListElement\":[{\"@type\":\"ListItem\",\"position\":1,\"name\":\"Startseite\",\"item\":\"https:\\\/\\\/wst-spannsysteme.de\\\/fr\\\/\"},{\"@type\":\"ListItem\",\"position\":2,\"name\":\"Protection des donn\u00e9es\"}]},{\"@type\":\"WebSite\",\"@id\":\"https:\\\/\\\/wst-spannsysteme.de\\\/ru\\\/#website\",\"url\":\"https:\\\/\\\/wst-spannsysteme.de\\\/ru\\\/\",\"name\":\"WST-SPANNSYSTEME GMBH\",\"description\":\"\",\"potentialAction\":[{\"@type\":\"SearchAction\",\"target\":{\"@type\":\"EntryPoint\",\"urlTemplate\":\"https:\\\/\\\/wst-spannsysteme.de\\\/ru\\\/?s={search_term_string}\"},\"query-input\":{\"@type\":\"PropertyValueSpecification\",\"valueRequired\":true,\"valueName\":\"search_term_string\"}}],\"inLanguage\":\"fr-FR\"}]}<\/script>\n<!-- \/ Yoast SEO plugin. -->","yoast_head_json":{"title":"Protection des donn\u00e9es - WST-SPANNSYSTEME GMBH","robots":{"index":"index","follow":"follow","max-snippet":"max-snippet:-1","max-image-preview":"max-image-preview:large","max-video-preview":"max-video-preview:-1"},"canonical":"https:\/\/wst-spannsysteme.de\/fr\/protection-des-donnees\/","og_locale":"fr_FR","og_type":"article","og_title":"Protection des donn\u00e9es - WST-SPANNSYSTEME GMBH","og_description":"Table des mati\u00e8res I. G\u00e9n\u00e9ralit\u00e9s II. Organisme responsable III. Vos droits IV. Traitement des donn\u00e9es \u00e0 caract\u00e8re personnel lors de l&rsquo;utilisation informative de notre site web V. Traitement des donn\u00e9es \u00e0 caract\u00e8re personnel par les cookies VI. Autres fonctions et offres sur notre site web VII. Contact VIII. Emplacement du serveur I. G\u00e9n\u00e9ralit\u00e9s (1) Nous [&hellip;]","og_url":"https:\/\/wst-spannsysteme.de\/fr\/protection-des-donnees\/","og_site_name":"WST-SPANNSYSTEME GMBH","article_modified_time":"2022-10-27T06:53:18+00:00","twitter_card":"summary_large_image","twitter_misc":{"Dur\u00e9e de lecture estim\u00e9e":"12 minutes"},"schema":{"@context":"https:\/\/schema.org","@graph":[{"@type":"WebPage","@id":"https:\/\/wst-spannsysteme.de\/fr\/protection-des-donnees\/","url":"https:\/\/wst-spannsysteme.de\/fr\/protection-des-donnees\/","name":"Protection des donn\u00e9es - WST-SPANNSYSTEME GMBH","isPartOf":{"@id":"https:\/\/wst-spannsysteme.de\/ru\/#website"},"datePublished":"2018-11-19T13:16:46+00:00","dateModified":"2022-10-27T06:53:18+00:00","breadcrumb":{"@id":"https:\/\/wst-spannsysteme.de\/fr\/protection-des-donnees\/#breadcrumb"},"inLanguage":"fr-FR","potentialAction":[{"@type":"ReadAction","target":["https:\/\/wst-spannsysteme.de\/fr\/protection-des-donnees\/"]}]},{"@type":"BreadcrumbList","@id":"https:\/\/wst-spannsysteme.de\/fr\/protection-des-donnees\/#breadcrumb","itemListElement":[{"@type":"ListItem","position":1,"name":"Startseite","item":"https:\/\/wst-spannsysteme.de\/fr\/"},{"@type":"ListItem","position":2,"name":"Protection des donn\u00e9es"}]},{"@type":"WebSite","@id":"https:\/\/wst-spannsysteme.de\/ru\/#website","url":"https:\/\/wst-spannsysteme.de\/ru\/","name":"WST-SPANNSYSTEME GMBH","description":"","potentialAction":[{"@type":"SearchAction","target":{"@type":"EntryPoint","urlTemplate":"https:\/\/wst-spannsysteme.de\/ru\/?s={search_term_string}"},"query-input":{"@type":"PropertyValueSpecification","valueRequired":true,"valueName":"search_term_string"}}],"inLanguage":"fr-FR"}]}},"_links":{"self":[{"href":"https:\/\/wst-spannsysteme.de\/fr\/wp-json\/wp\/v2\/pages\/1208","targetHints":{"allow":["GET"]}}],"collection":[{"href":"https:\/\/wst-spannsysteme.de\/fr\/wp-json\/wp\/v2\/pages"}],"about":[{"href":"https:\/\/wst-spannsysteme.de\/fr\/wp-json\/wp\/v2\/types\/page"}],"author":[{"embeddable":true,"href":"https:\/\/wst-spannsysteme.de\/fr\/wp-json\/wp\/v2\/users\/2"}],"replies":[{"embeddable":true,"href":"https:\/\/wst-spannsysteme.de\/fr\/wp-json\/wp\/v2\/comments?post=1208"}],"version-history":[{"count":8,"href":"https:\/\/wst-spannsysteme.de\/fr\/wp-json\/wp\/v2\/pages\/1208\/revisions"}],"predecessor-version":[{"id":1990,"href":"https:\/\/wst-spannsysteme.de\/fr\/wp-json\/wp\/v2\/pages\/1208\/revisions\/1990"}],"wp:attachment":[{"href":"https:\/\/wst-spannsysteme.de\/fr\/wp-json\/wp\/v2\/media?parent=1208"}],"curies":[{"name":"wp","href":"https:\/\/api.w.org\/{rel}","templated":true}]}}