{"id":1118,"date":"2018-08-10T11:34:32","date_gmt":"2018-08-10T09:34:32","guid":{"rendered":"https:\/\/wst-spannsysteme.de\/kontakt\/"},"modified":"2023-02-13T09:36:05","modified_gmt":"2023-02-13T08:36:05","slug":"contact","status":"publish","type":"page","link":"https:\/\/wst-spannsysteme.de\/fr\/contact\/","title":{"rendered":"Contact"},"content":{"rendered":"<h3>WST Spannsysteme GmbH<\/h3>\n<p><strong>Si\u00e8ge Dissen \u2013 DE<\/strong><br \/>\n<strong><em>Si\u00e8ge<\/em><\/strong><br \/>\nAm Fledderbach 7<br \/>\nD-49201 Dissen a.T.W.<br \/>\nT\u00e9l\u00e9phone: +49 (0)5421 &#8211; 9319 -0<br \/>\nFax: +49 (0)5421 &#8211; 9319-19<br \/>\n<a href=\"mailto:info@wst-spannsysteme.de\">info@wst-spannsysteme.de<\/a><\/p>\n<p><strong>Vos interlocuteurs chez WST Spannsysteme<\/strong><\/p>\n<p>Vous avez des questions sur les arbres de serrage, les mandrins d&rsquo;enroulage, les mandrins d&rsquo;expansion, les arbres \u00e0 friction, les accouplements de serrage, les adaptateurs ou, plus g\u00e9n\u00e9ralement, sur la technologie de serrage de fabrication allemande\u00a0? Vous trouverez ci-dessous une liste de vos interlocuteurs pour tous les domaines de WST Spannsysteme. Veuillez nous contacter ou utiliser simplement le formulaire de contact pour votre message.<\/p>\n<p><em><strong>Conseil | Vente<\/strong><\/em><br \/>\nIng. dipl. Hans-J\u00fcrgen Biester<br \/>\nT\u00e9l\u00e9phone: +49 (0)5421 &#8211; 9319-15<br \/>\n<a href=\"mailto:info@wst-spannsysteme.de\">info@wst-spannsysteme.de<\/a><\/p>\n<p><em><strong>Administration<\/strong><\/em><br \/>\nKimberley Whitehurst<br \/>\nT\u00e9l\u00e9phone: +49 (0)5421 &#8211; 9319-12<br \/>\n<a href=\"mailto:k.whitehurst@wst-spannsysteme.de\">k.whitehurst@wst-spannsysteme.de<\/a><\/p>\n<p><em><strong>Achats | Construction | Traitement des commandes<\/strong><\/em><br \/>\nAndreas Biester<br \/>\nT\u00e9l\u00e9phone: +49 (0)5421 &#8211; 9319-13<br \/>\n<a href=\"mailto:A.Biester@wst-spannsysteme.de\">A.Biester@wst-spannsysteme.de<\/a><\/p>\n<p><em><strong>Montage | Traitement des commandes<\/strong><\/em><br \/>\nAbraham Heidel<br \/>\nT\u00e9l\u00e9phone: +49 (0)5421 \u2013 9319-16<br \/>\n<a href=\"mailto:info@wst-spannsysteme.de\">A.Heidel@wst-spannsysteme.de<\/a><\/p>\n<p><em><strong>Fabrication | Production<\/strong><\/em><br \/>\nSergej Martin<br \/>\nT\u00e9l\u00e9phone: +49 (0)5421 \u2013 9319-16<br \/>\n<a href=\"mailto:info@wst-spannsysteme.de\">S.Martin@wst-spannsysteme.de<\/a><\/p>\n<p><strong>R\u00e9publique slovaque et tch\u00e8que, Hongrie<\/strong><br \/>\n<em><strong>JAPATECH plus<\/strong><\/em><br \/>\nM. Ing. Dipl. Jan Pallag<br \/>\nGastanova 4<br \/>\nSK-94301 Sturovo<br \/>\nT\u00e9l\u00e9phone: +421 905 800 639<br \/>\nFax: +421 233 331 734<\/p>\n","protected":false},"excerpt":{"rendered":"<p>WST Spannsysteme GmbH Si\u00e8ge Dissen \u2013 DE Si\u00e8ge Am Fledderbach 7 D-49201 Dissen a.T.W. T\u00e9l\u00e9phone: +49 (0)5421 &#8211; 9319 -0 Fax: +49 (0)5421 &#8211; 9319-19 info@wst-spannsysteme.de Vos interlocuteurs chez WST Spannsysteme Vous avez des questions sur les arbres de serrage, les mandrins d&rsquo;enroulage, les mandrins d&rsquo;expansion, les arbres \u00e0 friction, les accouplements de serrage, les [&hellip;]<\/p>\n","protected":false},"author":2,"featured_media":0,"parent":0,"menu_order":0,"comment_status":"closed","ping_status":"closed","template":"kontakt.php","meta":{"_acf_changed":false,"footnotes":""},"class_list":["post-1118","page","type-page","status-publish","hentry"],"acf":[],"yoast_head":"<!-- This site is optimized with the Yoast SEO plugin v27.4 - https:\/\/yoast.com\/product\/yoast-seo-wordpress\/ -->\n<title>Contact - WST-SPANNSYSTEME GMBH<\/title>\n<meta name=\"description\" content=\"Sie haben Fragen zu Spannwellen, Wickelpinolen, Spannk\u00f6pfen, Friktionswellen, Spannkupplungen, Adaptern oder allgemein zu Spanntechnik made in Germany?\" \/>\n<meta name=\"robots\" content=\"index, follow, max-snippet:-1, max-image-preview:large, max-video-preview:-1\" \/>\n<link rel=\"canonical\" href=\"https:\/\/wst-spannsysteme.de\/fr\/contact\/\" \/>\n<meta property=\"og:locale\" content=\"fr_FR\" \/>\n<meta property=\"og:type\" content=\"article\" \/>\n<meta property=\"og:title\" content=\"Contact - WST-SPANNSYSTEME GMBH\" \/>\n<meta property=\"og:description\" content=\"Sie haben Fragen zu Spannwellen, Wickelpinolen, Spannk\u00f6pfen, Friktionswellen, Spannkupplungen, Adaptern oder allgemein zu Spanntechnik made in Germany?\" \/>\n<meta property=\"og:url\" content=\"https:\/\/wst-spannsysteme.de\/fr\/contact\/\" \/>\n<meta property=\"og:site_name\" content=\"WST-SPANNSYSTEME GMBH\" \/>\n<meta property=\"article:modified_time\" content=\"2023-02-13T08:36:05+00:00\" \/>\n<meta name=\"twitter:card\" content=\"summary_large_image\" \/>\n<meta name=\"twitter:label1\" content=\"Dur\u00e9e de lecture estim\u00e9e\" \/>\n\t<meta name=\"twitter:data1\" content=\"2 minutes\" \/>\n<script type=\"application\/ld+json\" class=\"yoast-schema-graph\">{\"@context\":\"https:\\\/\\\/schema.org\",\"@graph\":[{\"@type\":\"WebPage\",\"@id\":\"https:\\\/\\\/wst-spannsysteme.de\\\/fr\\\/contact\\\/\",\"url\":\"https:\\\/\\\/wst-spannsysteme.de\\\/fr\\\/contact\\\/\",\"name\":\"Contact - WST-SPANNSYSTEME GMBH\",\"isPartOf\":{\"@id\":\"https:\\\/\\\/wst-spannsysteme.de\\\/ru\\\/#website\"},\"datePublished\":\"2018-08-10T09:34:32+00:00\",\"dateModified\":\"2023-02-13T08:36:05+00:00\",\"description\":\"Sie haben Fragen zu Spannwellen, Wickelpinolen, Spannk\u00f6pfen, Friktionswellen, Spannkupplungen, Adaptern oder allgemein zu Spanntechnik made in Germany?\",\"breadcrumb\":{\"@id\":\"https:\\\/\\\/wst-spannsysteme.de\\\/fr\\\/contact\\\/#breadcrumb\"},\"inLanguage\":\"fr-FR\",\"potentialAction\":[{\"@type\":\"ReadAction\",\"target\":[\"https:\\\/\\\/wst-spannsysteme.de\\\/fr\\\/contact\\\/\"]}]},{\"@type\":\"BreadcrumbList\",\"@id\":\"https:\\\/\\\/wst-spannsysteme.de\\\/fr\\\/contact\\\/#breadcrumb\",\"itemListElement\":[{\"@type\":\"ListItem\",\"position\":1,\"name\":\"Startseite\",\"item\":\"https:\\\/\\\/wst-spannsysteme.de\\\/fr\\\/\"},{\"@type\":\"ListItem\",\"position\":2,\"name\":\"Contact\"}]},{\"@type\":\"WebSite\",\"@id\":\"https:\\\/\\\/wst-spannsysteme.de\\\/ru\\\/#website\",\"url\":\"https:\\\/\\\/wst-spannsysteme.de\\\/ru\\\/\",\"name\":\"WST-SPANNSYSTEME GMBH\",\"description\":\"\",\"potentialAction\":[{\"@type\":\"SearchAction\",\"target\":{\"@type\":\"EntryPoint\",\"urlTemplate\":\"https:\\\/\\\/wst-spannsysteme.de\\\/ru\\\/?s={search_term_string}\"},\"query-input\":{\"@type\":\"PropertyValueSpecification\",\"valueRequired\":true,\"valueName\":\"search_term_string\"}}],\"inLanguage\":\"fr-FR\"}]}<\/script>\n<!-- \/ Yoast SEO plugin. -->","yoast_head_json":{"title":"Contact - WST-SPANNSYSTEME GMBH","description":"Sie haben Fragen zu Spannwellen, Wickelpinolen, Spannk\u00f6pfen, Friktionswellen, Spannkupplungen, Adaptern oder allgemein zu Spanntechnik made in Germany?","robots":{"index":"index","follow":"follow","max-snippet":"max-snippet:-1","max-image-preview":"max-image-preview:large","max-video-preview":"max-video-preview:-1"},"canonical":"https:\/\/wst-spannsysteme.de\/fr\/contact\/","og_locale":"fr_FR","og_type":"article","og_title":"Contact - WST-SPANNSYSTEME GMBH","og_description":"Sie haben Fragen zu Spannwellen, Wickelpinolen, Spannk\u00f6pfen, Friktionswellen, Spannkupplungen, Adaptern oder allgemein zu Spanntechnik made in Germany?","og_url":"https:\/\/wst-spannsysteme.de\/fr\/contact\/","og_site_name":"WST-SPANNSYSTEME GMBH","article_modified_time":"2023-02-13T08:36:05+00:00","twitter_card":"summary_large_image","twitter_misc":{"Dur\u00e9e de lecture estim\u00e9e":"2 minutes"},"schema":{"@context":"https:\/\/schema.org","@graph":[{"@type":"WebPage","@id":"https:\/\/wst-spannsysteme.de\/fr\/contact\/","url":"https:\/\/wst-spannsysteme.de\/fr\/contact\/","name":"Contact - WST-SPANNSYSTEME GMBH","isPartOf":{"@id":"https:\/\/wst-spannsysteme.de\/ru\/#website"},"datePublished":"2018-08-10T09:34:32+00:00","dateModified":"2023-02-13T08:36:05+00:00","description":"Sie haben Fragen zu Spannwellen, Wickelpinolen, Spannk\u00f6pfen, Friktionswellen, Spannkupplungen, Adaptern oder allgemein zu Spanntechnik made in Germany?","breadcrumb":{"@id":"https:\/\/wst-spannsysteme.de\/fr\/contact\/#breadcrumb"},"inLanguage":"fr-FR","potentialAction":[{"@type":"ReadAction","target":["https:\/\/wst-spannsysteme.de\/fr\/contact\/"]}]},{"@type":"BreadcrumbList","@id":"https:\/\/wst-spannsysteme.de\/fr\/contact\/#breadcrumb","itemListElement":[{"@type":"ListItem","position":1,"name":"Startseite","item":"https:\/\/wst-spannsysteme.de\/fr\/"},{"@type":"ListItem","position":2,"name":"Contact"}]},{"@type":"WebSite","@id":"https:\/\/wst-spannsysteme.de\/ru\/#website","url":"https:\/\/wst-spannsysteme.de\/ru\/","name":"WST-SPANNSYSTEME GMBH","description":"","potentialAction":[{"@type":"SearchAction","target":{"@type":"EntryPoint","urlTemplate":"https:\/\/wst-spannsysteme.de\/ru\/?s={search_term_string}"},"query-input":{"@type":"PropertyValueSpecification","valueRequired":true,"valueName":"search_term_string"}}],"inLanguage":"fr-FR"}]}},"_links":{"self":[{"href":"https:\/\/wst-spannsysteme.de\/fr\/wp-json\/wp\/v2\/pages\/1118","targetHints":{"allow":["GET"]}}],"collection":[{"href":"https:\/\/wst-spannsysteme.de\/fr\/wp-json\/wp\/v2\/pages"}],"about":[{"href":"https:\/\/wst-spannsysteme.de\/fr\/wp-json\/wp\/v2\/types\/page"}],"author":[{"embeddable":true,"href":"https:\/\/wst-spannsysteme.de\/fr\/wp-json\/wp\/v2\/users\/2"}],"replies":[{"embeddable":true,"href":"https:\/\/wst-spannsysteme.de\/fr\/wp-json\/wp\/v2\/comments?post=1118"}],"version-history":[{"count":15,"href":"https:\/\/wst-spannsysteme.de\/fr\/wp-json\/wp\/v2\/pages\/1118\/revisions"}],"predecessor-version":[{"id":2014,"href":"https:\/\/wst-spannsysteme.de\/fr\/wp-json\/wp\/v2\/pages\/1118\/revisions\/2014"}],"wp:attachment":[{"href":"https:\/\/wst-spannsysteme.de\/fr\/wp-json\/wp\/v2\/media?parent=1118"}],"curies":[{"name":"wp","href":"https:\/\/api.w.org\/{rel}","templated":true}]}}