{"id":1084,"date":"2018-08-06T10:57:12","date_gmt":"2018-08-06T08:57:12","guid":{"rendered":"https:\/\/wst-spannsysteme.de\/service\/"},"modified":"2021-09-28T13:43:05","modified_gmt":"2021-09-28T11:43:05","slug":"service","status":"publish","type":"page","link":"https:\/\/wst-spannsysteme.de\/fr\/service\/","title":{"rendered":"Service"},"content":{"rendered":"<h2>D\u00e9veloppement<\/h2>\n<p><strong>Planification et mise en \u0153uvre<\/strong><\/p>\n<p><img loading=\"lazy\" decoding=\"async\" class=\"size-full wp-image-317 alignright\" src=\"https:\/\/wst-spannsysteme.de\/wp-content\/uploads\/2018\/08\/entwicklung.png\" alt=\"\" width=\"200\" height=\"110\" \/>L&rsquo;exp\u00e9rience des collaborateurs de WST s&rsquo;\u00e9tend maintenant sur plus de 30\u00a0ans. Cela se traduit notamment par le d\u00e9veloppement et le perfectionnement de la gamme de produits. L&rsquo;accent est mis ici, bien entendu, sur la personnalisation.<\/p>\n<p>Chaque composant est d\u00e9velopp\u00e9 et calcul\u00e9 individuellement en fonction des besoins et des exigences techniques. Un accent particulier est \u00e9galement mis sur la documentation technique. En r\u00e8gle g\u00e9n\u00e9rale, la documentation parvient au client bien avant la livraison effective. Les avantages sont \u00e9vidents\u00a0: De cette mani\u00e8re, les particularit\u00e9s \u00e9ventuelles, par exemple lors de l&rsquo;installation, peuvent \u00eatre clarifi\u00e9es \u00e0 l&rsquo;avance.<\/p>\n<p>Les petites r\u00e9parations, par exemple le remplacement de pi\u00e8ces d&rsquo;usure, sont consid\u00e9rablement simplifi\u00e9es. L&rsquo;approvisionnement en pi\u00e8ces de rechange est \u00e9galement facilit\u00e9. Enfin et surtout, toutes les exigences l\u00e9gales sont \u00e9videmment respect\u00e9es.<\/p>\n<p>&nbsp;<\/p>\n<h2>R\u00e9paration et entretien des syst\u00e8mes de serrage<\/h2>\n<p><strong>Prolongez la dur\u00e9e de vie de vos \u00e9l\u00e9ments de serrage\u00a0: R\u00e9duisez les co\u00fbts\u00a0!<\/strong><\/p>\n<p><img loading=\"lazy\" decoding=\"async\" class=\"size-full wp-image-318 alignright\" src=\"https:\/\/wst-spannsysteme.de\/wp-content\/uploads\/2018\/08\/reparatur.png\" alt=\"\" width=\"140\" height=\"115\" \/>Outre la production et le montage d&rsquo;\u00e9l\u00e9ments de serrage, la maintenance et la r\u00e9paration font \u00e9galement partie de la gamme de services propos\u00e9s par WST Spannsysteme. Comme tout composant soumis \u00e0 de fortes contraintes, les arbres de serrage, les mandrins de serrage et les t\u00eates de serrage n\u00e9cessitent une maintenance et un entretien r\u00e9guliers.<\/p>\n<p>Outre le remplacement ais\u00e9 des pi\u00e8ces d&rsquo;usure, les r\u00e9parations et les transformations importantes, par exemple pour r\u00e9duire davantage le poids, sont \u00e9galement effectu\u00e9es dans l&rsquo;atelier interne. Une maintenance ponctuelle est toujours rentable\u00a0!<\/p>\n<p>Si les d\u00e9fauts n&rsquo;apparaissent qu&rsquo;au cours de la production, les co\u00fbts qui en d\u00e9coulent sont souvent plusieurs fois sup\u00e9rieurs du fait de l&rsquo;arr\u00eat de la production.<\/p>\n<p>Afin d&rsquo;\u00e9viter au mieux ces probl\u00e8mes et ces co\u00fbts d\u00e8s le d\u00e9part, WST Spannsysteme vous offre une assistance compl\u00e8te \u2013 de la conception et de la fabrication de vos \u00e9l\u00e9ments de serrage jusqu&rsquo;\u00e0 la remise en \u00e9tat et la maintenance professionnelles.<\/p>\n<p>N&rsquo;h\u00e9sitez pas nous contacter en cas de questions sur les syst\u00e8mes de serrage industriels.<br \/>\nContactez-nous \u2013<br \/>\nnous vous conseillons avec plaisir\u00a0!<\/p>\n<h2>Fabrication \u00e0 fa\u00e7on<\/h2>\n<p><strong>Outre la fabrication de nos propres produits, nous proposons des services sur des machines de tournage et de fraisage modernes, conventionnelles ou \u00e0 commande num\u00e9rique.<\/strong><\/p>\n<p>Nous fabriquons et r\u00e9alisons pour vous des pi\u00e8ces individuelles ainsi que des pi\u00e8ces de s\u00e9rie sur mesure.<\/p>\n<p>La pr\u00e9cision et la qualit\u00e9 ainsi que la fiabilit\u00e9 et le respect des d\u00e9lais sont pour nous une \u00e9vidence.<\/p>\n<p>Options d&rsquo;usinage pour le tournage et le fraisage.<\/p>\n<p>Avec nos tours, nous pouvons usiner des composants jusqu&rsquo;\u00e0 \u00d8 540\u00a0mm et une longueur d&rsquo;arbre maximale de 5\u00a0040\u00a0mm. Pour les composants courts, nous pouvons usiner une longueur d&rsquo;arbre maximale de 250\u00a0mm et jusqu&rsquo;\u00e0 \u00d8 900\u00a0mm.<\/p>\n<p>Avec nos fraiseuses, nous pouvons usiner des composants jusqu&rsquo;\u00e0 \u00d8 400\u00a0mm et jusqu&rsquo;\u00e0 une longueur de 3\u00a0000\u00a0mm. Courses maximales en X =&gt; 1\u00a0600\u00a0mm Y =&gt; 700\u00a0mm Z =&gt; 700\u00a0mm.<\/p>\n<p><strong>Nos avantages\u00a0:<\/strong><\/p>\n<p>Tournage<br \/>\nFraisage<br \/>\nForage<br \/>\nMeulage<br \/>\nDurcissement<br \/>\nSoudage MIG\/MAG<br \/>\nSoudage TIG<\/p>\n<p><strong>Nous usinons\u00a0:<\/strong><\/p>\n<p>Aciers de construction<br \/>\nAciers tremp\u00e9s et revenus<br \/>\nAciers c\u00e9ment\u00e9s<br \/>\nAciers \u00e0 outils<br \/>\nAcier inoxydable<br \/>\nFonte<br \/>\nAluminium<br \/>\nLaiton<br \/>\nBronze<br \/>\nCuivre<br \/>\nPlastiques<\/p>\n","protected":false},"excerpt":{"rendered":"<p>D\u00e9veloppement Planification et mise en \u0153uvre L&rsquo;exp\u00e9rience des collaborateurs de WST s&rsquo;\u00e9tend maintenant sur plus de 30\u00a0ans. Cela se traduit notamment par le d\u00e9veloppement et le perfectionnement de la gamme de produits. L&rsquo;accent est mis ici, bien entendu, sur la personnalisation. Chaque composant est d\u00e9velopp\u00e9 et calcul\u00e9 individuellement en fonction des besoins et des exigences [&hellip;]<\/p>\n","protected":false},"author":2,"featured_media":0,"parent":0,"menu_order":0,"comment_status":"closed","ping_status":"closed","template":"unternehmen.php","meta":{"_acf_changed":false,"footnotes":""},"class_list":["post-1084","page","type-page","status-publish","hentry"],"acf":[],"yoast_head":"<!-- This site is optimized with the Yoast SEO plugin v27.5 - https:\/\/yoast.com\/product\/yoast-seo-wordpress\/ -->\n<title>Service - WST-SPANNSYSTEME GMBH<\/title>\n<meta name=\"description\" content=\"Neben der Fertigung und Montage von Spannelementen geh\u00f6ren auch Wartung und Reparatur zum Leistungsspektrum von WST Spannsysteme. Wie jedes stark ..\" \/>\n<meta name=\"robots\" content=\"index, follow, max-snippet:-1, max-image-preview:large, max-video-preview:-1\" \/>\n<link rel=\"canonical\" href=\"https:\/\/wst-spannsysteme.de\/fr\/service\/\" \/>\n<meta property=\"og:locale\" content=\"fr_FR\" \/>\n<meta property=\"og:type\" content=\"article\" \/>\n<meta property=\"og:title\" content=\"Service - WST-SPANNSYSTEME GMBH\" \/>\n<meta property=\"og:description\" content=\"Neben der Fertigung und Montage von Spannelementen geh\u00f6ren auch Wartung und Reparatur zum Leistungsspektrum von WST Spannsysteme. Wie jedes stark ..\" \/>\n<meta property=\"og:url\" content=\"https:\/\/wst-spannsysteme.de\/fr\/service\/\" \/>\n<meta property=\"og:site_name\" content=\"WST-SPANNSYSTEME GMBH\" \/>\n<meta property=\"article:modified_time\" content=\"2021-09-28T11:43:05+00:00\" \/>\n<meta property=\"og:image\" content=\"https:\/\/wst-spannsysteme.de\/wp-content\/uploads\/2018\/08\/entwicklung.png\" \/>\n<meta name=\"twitter:card\" content=\"summary_large_image\" \/>\n<meta name=\"twitter:label1\" content=\"Dur\u00e9e de lecture estim\u00e9e\" \/>\n\t<meta name=\"twitter:data1\" content=\"3 minutes\" \/>\n<script type=\"application\/ld+json\" class=\"yoast-schema-graph\">{\"@context\":\"https:\\\/\\\/schema.org\",\"@graph\":[{\"@type\":\"WebPage\",\"@id\":\"https:\\\/\\\/wst-spannsysteme.de\\\/fr\\\/service\\\/\",\"url\":\"https:\\\/\\\/wst-spannsysteme.de\\\/fr\\\/service\\\/\",\"name\":\"Service - WST-SPANNSYSTEME GMBH\",\"isPartOf\":{\"@id\":\"https:\\\/\\\/wst-spannsysteme.de\\\/ru\\\/#website\"},\"primaryImageOfPage\":{\"@id\":\"https:\\\/\\\/wst-spannsysteme.de\\\/fr\\\/service\\\/#primaryimage\"},\"image\":{\"@id\":\"https:\\\/\\\/wst-spannsysteme.de\\\/fr\\\/service\\\/#primaryimage\"},\"thumbnailUrl\":\"https:\\\/\\\/wst-spannsysteme.de\\\/wp-content\\\/uploads\\\/2018\\\/08\\\/entwicklung.png\",\"datePublished\":\"2018-08-06T08:57:12+00:00\",\"dateModified\":\"2021-09-28T11:43:05+00:00\",\"description\":\"Neben der Fertigung und Montage von Spannelementen geh\u00f6ren auch Wartung und Reparatur zum Leistungsspektrum von WST Spannsysteme. Wie jedes stark ..\",\"breadcrumb\":{\"@id\":\"https:\\\/\\\/wst-spannsysteme.de\\\/fr\\\/service\\\/#breadcrumb\"},\"inLanguage\":\"fr-FR\",\"potentialAction\":[{\"@type\":\"ReadAction\",\"target\":[\"https:\\\/\\\/wst-spannsysteme.de\\\/fr\\\/service\\\/\"]}]},{\"@type\":\"ImageObject\",\"inLanguage\":\"fr-FR\",\"@id\":\"https:\\\/\\\/wst-spannsysteme.de\\\/fr\\\/service\\\/#primaryimage\",\"url\":\"https:\\\/\\\/wst-spannsysteme.de\\\/wp-content\\\/uploads\\\/2018\\\/08\\\/entwicklung.png\",\"contentUrl\":\"https:\\\/\\\/wst-spannsysteme.de\\\/wp-content\\\/uploads\\\/2018\\\/08\\\/entwicklung.png\"},{\"@type\":\"BreadcrumbList\",\"@id\":\"https:\\\/\\\/wst-spannsysteme.de\\\/fr\\\/service\\\/#breadcrumb\",\"itemListElement\":[{\"@type\":\"ListItem\",\"position\":1,\"name\":\"Startseite\",\"item\":\"https:\\\/\\\/wst-spannsysteme.de\\\/fr\\\/\"},{\"@type\":\"ListItem\",\"position\":2,\"name\":\"Service\"}]},{\"@type\":\"WebSite\",\"@id\":\"https:\\\/\\\/wst-spannsysteme.de\\\/ru\\\/#website\",\"url\":\"https:\\\/\\\/wst-spannsysteme.de\\\/ru\\\/\",\"name\":\"WST-SPANNSYSTEME GMBH\",\"description\":\"\",\"potentialAction\":[{\"@type\":\"SearchAction\",\"target\":{\"@type\":\"EntryPoint\",\"urlTemplate\":\"https:\\\/\\\/wst-spannsysteme.de\\\/ru\\\/?s={search_term_string}\"},\"query-input\":{\"@type\":\"PropertyValueSpecification\",\"valueRequired\":true,\"valueName\":\"search_term_string\"}}],\"inLanguage\":\"fr-FR\"}]}<\/script>\n<!-- \/ Yoast SEO plugin. -->","yoast_head_json":{"title":"Service - WST-SPANNSYSTEME GMBH","description":"Neben der Fertigung und Montage von Spannelementen geh\u00f6ren auch Wartung und Reparatur zum Leistungsspektrum von WST Spannsysteme. Wie jedes stark ..","robots":{"index":"index","follow":"follow","max-snippet":"max-snippet:-1","max-image-preview":"max-image-preview:large","max-video-preview":"max-video-preview:-1"},"canonical":"https:\/\/wst-spannsysteme.de\/fr\/service\/","og_locale":"fr_FR","og_type":"article","og_title":"Service - WST-SPANNSYSTEME GMBH","og_description":"Neben der Fertigung und Montage von Spannelementen geh\u00f6ren auch Wartung und Reparatur zum Leistungsspektrum von WST Spannsysteme. Wie jedes stark ..","og_url":"https:\/\/wst-spannsysteme.de\/fr\/service\/","og_site_name":"WST-SPANNSYSTEME GMBH","article_modified_time":"2021-09-28T11:43:05+00:00","og_image":[{"url":"https:\/\/wst-spannsysteme.de\/wp-content\/uploads\/2018\/08\/entwicklung.png","type":"","width":"","height":""}],"twitter_card":"summary_large_image","twitter_misc":{"Dur\u00e9e de lecture estim\u00e9e":"3 minutes"},"schema":{"@context":"https:\/\/schema.org","@graph":[{"@type":"WebPage","@id":"https:\/\/wst-spannsysteme.de\/fr\/service\/","url":"https:\/\/wst-spannsysteme.de\/fr\/service\/","name":"Service - WST-SPANNSYSTEME GMBH","isPartOf":{"@id":"https:\/\/wst-spannsysteme.de\/ru\/#website"},"primaryImageOfPage":{"@id":"https:\/\/wst-spannsysteme.de\/fr\/service\/#primaryimage"},"image":{"@id":"https:\/\/wst-spannsysteme.de\/fr\/service\/#primaryimage"},"thumbnailUrl":"https:\/\/wst-spannsysteme.de\/wp-content\/uploads\/2018\/08\/entwicklung.png","datePublished":"2018-08-06T08:57:12+00:00","dateModified":"2021-09-28T11:43:05+00:00","description":"Neben der Fertigung und Montage von Spannelementen geh\u00f6ren auch Wartung und Reparatur zum Leistungsspektrum von WST Spannsysteme. Wie jedes stark ..","breadcrumb":{"@id":"https:\/\/wst-spannsysteme.de\/fr\/service\/#breadcrumb"},"inLanguage":"fr-FR","potentialAction":[{"@type":"ReadAction","target":["https:\/\/wst-spannsysteme.de\/fr\/service\/"]}]},{"@type":"ImageObject","inLanguage":"fr-FR","@id":"https:\/\/wst-spannsysteme.de\/fr\/service\/#primaryimage","url":"https:\/\/wst-spannsysteme.de\/wp-content\/uploads\/2018\/08\/entwicklung.png","contentUrl":"https:\/\/wst-spannsysteme.de\/wp-content\/uploads\/2018\/08\/entwicklung.png"},{"@type":"BreadcrumbList","@id":"https:\/\/wst-spannsysteme.de\/fr\/service\/#breadcrumb","itemListElement":[{"@type":"ListItem","position":1,"name":"Startseite","item":"https:\/\/wst-spannsysteme.de\/fr\/"},{"@type":"ListItem","position":2,"name":"Service"}]},{"@type":"WebSite","@id":"https:\/\/wst-spannsysteme.de\/ru\/#website","url":"https:\/\/wst-spannsysteme.de\/ru\/","name":"WST-SPANNSYSTEME GMBH","description":"","potentialAction":[{"@type":"SearchAction","target":{"@type":"EntryPoint","urlTemplate":"https:\/\/wst-spannsysteme.de\/ru\/?s={search_term_string}"},"query-input":{"@type":"PropertyValueSpecification","valueRequired":true,"valueName":"search_term_string"}}],"inLanguage":"fr-FR"}]}},"_links":{"self":[{"href":"https:\/\/wst-spannsysteme.de\/fr\/wp-json\/wp\/v2\/pages\/1084","targetHints":{"allow":["GET"]}}],"collection":[{"href":"https:\/\/wst-spannsysteme.de\/fr\/wp-json\/wp\/v2\/pages"}],"about":[{"href":"https:\/\/wst-spannsysteme.de\/fr\/wp-json\/wp\/v2\/types\/page"}],"author":[{"embeddable":true,"href":"https:\/\/wst-spannsysteme.de\/fr\/wp-json\/wp\/v2\/users\/2"}],"replies":[{"embeddable":true,"href":"https:\/\/wst-spannsysteme.de\/fr\/wp-json\/wp\/v2\/comments?post=1084"}],"version-history":[{"count":2,"href":"https:\/\/wst-spannsysteme.de\/fr\/wp-json\/wp\/v2\/pages\/1084\/revisions"}],"predecessor-version":[{"id":1087,"href":"https:\/\/wst-spannsysteme.de\/fr\/wp-json\/wp\/v2\/pages\/1084\/revisions\/1087"}],"wp:attachment":[{"href":"https:\/\/wst-spannsysteme.de\/fr\/wp-json\/wp\/v2\/media?parent=1084"}],"curies":[{"name":"wp","href":"https:\/\/api.w.org\/{rel}","templated":true}]}}