{"id":1000,"date":"2018-08-06T10:55:47","date_gmt":"2018-08-06T08:55:47","guid":{"rendered":"https:\/\/wst-spannsysteme.de\/unternehmen\/"},"modified":"2021-09-28T13:38:41","modified_gmt":"2021-09-28T11:38:41","slug":"entreprise","status":"publish","type":"page","link":"https:\/\/wst-spannsysteme.de\/fr\/entreprise\/","title":{"rendered":"Entreprise"},"content":{"rendered":"<h2>Le sp\u00e9cialiste de la technologie de serrage de haute qualit\u00e9<\/h2>\n<h4><em>Des produits fiables autour de syst\u00e8mes de serrage professionnels<br \/>\n<\/em><\/h4>\n<p>De nombreux fabricants de syst\u00e8mes de serrage font des compromis sur la qualit\u00e9. WST-Spannsysteme, au contraire, est tr\u00e8s conscient de sa responsabilit\u00e9 en mati\u00e8re d&rsquo;efficacit\u00e9 fonctionnelle et de dur\u00e9e de vie de la technologie de serrage. Tous nos produits, ainsi que les accessoires de la technologie de serrage, r\u00e9pondent aux exigences les plus \u00e9lev\u00e9es et garantissent les meilleurs r\u00e9sultats et une longue dur\u00e9e de vie dans l&rsquo;industrie.<\/p>\n<h3>\u00c9l\u00e9ments de serrage pour l&rsquo;enroulement et le d\u00e9roulement<\/h3>\n<p>Dans la production industrielle, les mat\u00e9riaux en forme de bande, tels que le papier, les textiles, les mat\u00e9riaux non tiss\u00e9s, les films m\u00e9talliques ou plastiques, sont souvent enroul\u00e9s avant d&rsquo;\u00eatre transform\u00e9s. Le d\u00e9roulage de diverses toiles fait \u00e9galement partie de la production. Nos \u00e9l\u00e9ments de serrage assurent un traitement efficace et fluide. Notre gamme de produits s&rsquo;\u00e9tend des arbres de serrage, mandrins d&rsquo;enroulement et arbres de friction aux t\u00eates de serrage pneumatiques et m\u00e9caniques, en passant par les adaptateurs de technologie de serrage et une large gamme d&rsquo;accessoires. Nous fournissons des technologies de serrage de la plus haute qualit\u00e9, d&rsquo;une longue dur\u00e9e de vie et faciles \u00e0 utiliser, comme les t\u00eates de serrage pneumatiques, les mandrins de serrage et les arbres de serrage avec les accessoires correspondants.<\/p>\n<h3>Syst\u00e8mes de serrage d&rsquo;enroulement selon les besoins du client<\/h3>\n<p>Des arbres de serrage aux mandrins d&rsquo;enroulement en passant par les t\u00eates de serrage m\u00e9caniques\u00a0: La gamme de produits de notre entreprise est large. Mais parfois, la gamme existante de technologies de serrage n&rsquo;est pas suffisante, ce qui impose le d\u00e9veloppement individuel d&rsquo;\u00e9l\u00e9ments de serrage. Nos concepteurs trouvent une solution pour chaque exigence. Les besoins et les exigences de nos clients en mati\u00e8re de technologies de serrage sont toujours prioritaires. L&rsquo;\u00e9quipe de WST-Spannsysteme planifie, d\u00e9veloppe et produit exactement la technologie de serrage dont le client a besoin. Ils cr\u00e9ent au bout du compte des \u00e9l\u00e9ments de serrage sur mesure et solides de haute qualit\u00e9, efficaces et durables.<\/p>\n<p>&nbsp;<\/p>\n<h3>Hall de production et de stockage moderne<\/h3>\n<p><strong><em>Bas\u00e9 \u00e0 Dissen<br \/>\n<\/em><\/strong><\/p>\n<p>Dans un hall de production et de stockage moderne situ\u00e9 \u00e0 Fledderbach, les collaborateurs con\u00e7oivent et fabriquent des arbres de serrage, des t\u00eates de serrage et des mandrins de serrage enti\u00e8rement selon les besoins individuels des clients.<\/p>\n<p>Hans-J\u00fcrgen Biester fabrique avec succ\u00e8s des \u00e9l\u00e9ments de serrage depuis 1996.<\/p>\n<p>\u00c0 Dissen, WST Spannsysteme dispose d\u00e9sormais de vastes locaux pour la conception et l&rsquo;assemblage final. Certaines des pi\u00e8ces individuelles sont encore produites dans des ateliers de tournage locaux.<\/p>\n<p>&nbsp;<\/p>\n<h3>\u00ab\u00a0Les donn\u00e9es sont notre capital\u00a0\u00bb<\/h3>\n<p><strong><em>Elles sont num\u00e9rot\u00e9es et archiv\u00e9es\u00a0!<br \/>\n<\/em><\/strong><\/p>\n<p>Pour ses clients, l&rsquo;entreprise s&rsquo;appuie sur son exp\u00e9rience au cours des derni\u00e8res d\u00e9cennies.<\/p>\n<p>Les pi\u00e8ces de rechange peuvent \u00eatre produites imm\u00e9diatement pour toutes les livraisons qui ont \u00e9t\u00e9 effectu\u00e9es. Hans-J\u00fcrgen Biester conseille \u00e9galement ses clients personnellement, en Allemagne et \u00e0 l&rsquo;\u00e9tranger, afin de garantir une utilisation optimale, par exemple en ce qui concerne le poids et les contraintes admissibles sur les roulements.<\/p>\n<p>&nbsp;<\/p>\n<h3>T\u00eates de serrage \u2013 arbres de serrage \u2013 accouplements<\/h3>\n<p><strong><em>Fabriqu\u00e9s sur mesure selon les donn\u00e9es du client<\/em><\/strong><\/p>\n<p>De la moindre t\u00eate de serrage \u00e0 l&rsquo;arbre de six m\u00e8tres de long, chaque pi\u00e8ce est adapt\u00e9e aux exigences du client en termes de mat\u00e9riau et de mod\u00e8le. Qu&rsquo;il s&rsquo;agisse de moquette, de film ou de papier \u00e0 enrouler, une pr\u00e9cision extr\u00eame est toujours essentielle dans la production des pi\u00e8ces de machine.<\/p>\n<p>Chaque arbre est calcul\u00e9 sur la base des donn\u00e9es du client en fonction de la charge maximale, de la d\u00e9flexion et de la transmission du couple et est adapt\u00e9 au mat\u00e9riau \u00e0 enrouler ou \u00e0 d\u00e9rouler et \u00e0 la taille de ses manchons.<\/p>\n<p>&nbsp;<\/p>\n<p>&nbsp;<\/p>\n","protected":false},"excerpt":{"rendered":"<p>Le sp\u00e9cialiste de la technologie de serrage de haute qualit\u00e9 Des produits fiables autour de syst\u00e8mes de serrage professionnels De nombreux fabricants de syst\u00e8mes de serrage font des compromis sur la qualit\u00e9. WST-Spannsysteme, au contraire, est tr\u00e8s conscient de sa responsabilit\u00e9 en mati\u00e8re d&rsquo;efficacit\u00e9 fonctionnelle et de dur\u00e9e de vie de la technologie de serrage. [&hellip;]<\/p>\n","protected":false},"author":2,"featured_media":0,"parent":0,"menu_order":0,"comment_status":"closed","ping_status":"closed","template":"unternehmen.php","meta":{"_acf_changed":false,"footnotes":""},"class_list":["post-1000","page","type-page","status-publish","hentry"],"acf":[],"yoast_head":"<!-- This site is optimized with the Yoast SEO plugin v27.5 - https:\/\/yoast.com\/product\/yoast-seo-wordpress\/ -->\n<title>Entreprise - WST-SPANNSYSTEME GMBH<\/title>\n<meta name=\"description\" content=\"In einer modern ausgestatteten Produktions- und Lagerhalle am Fledderbach entwerfen und fertigen die Mitarbeiter Spannwellen, -k\u00f6pfe und -dorne ganz nach individuellem Kundenwunsch.\" \/>\n<meta name=\"robots\" content=\"index, follow, max-snippet:-1, max-image-preview:large, max-video-preview:-1\" \/>\n<link rel=\"canonical\" href=\"https:\/\/wst-spannsysteme.de\/fr\/entreprise\/\" \/>\n<meta property=\"og:locale\" content=\"fr_FR\" \/>\n<meta property=\"og:type\" content=\"article\" \/>\n<meta property=\"og:title\" content=\"Entreprise - WST-SPANNSYSTEME GMBH\" \/>\n<meta property=\"og:description\" content=\"In einer modern ausgestatteten Produktions- und Lagerhalle am Fledderbach entwerfen und fertigen die Mitarbeiter Spannwellen, -k\u00f6pfe und -dorne ganz nach individuellem Kundenwunsch.\" \/>\n<meta property=\"og:url\" content=\"https:\/\/wst-spannsysteme.de\/fr\/entreprise\/\" \/>\n<meta property=\"og:site_name\" content=\"WST-SPANNSYSTEME GMBH\" \/>\n<meta property=\"article:modified_time\" content=\"2021-09-28T11:38:41+00:00\" \/>\n<meta name=\"twitter:card\" content=\"summary_large_image\" \/>\n<meta name=\"twitter:label1\" content=\"Dur\u00e9e de lecture estim\u00e9e\" \/>\n\t<meta name=\"twitter:data1\" content=\"3 minutes\" \/>\n<script type=\"application\/ld+json\" class=\"yoast-schema-graph\">{\"@context\":\"https:\\\/\\\/schema.org\",\"@graph\":[{\"@type\":\"WebPage\",\"@id\":\"https:\\\/\\\/wst-spannsysteme.de\\\/fr\\\/entreprise\\\/\",\"url\":\"https:\\\/\\\/wst-spannsysteme.de\\\/fr\\\/entreprise\\\/\",\"name\":\"Entreprise - WST-SPANNSYSTEME GMBH\",\"isPartOf\":{\"@id\":\"https:\\\/\\\/wst-spannsysteme.de\\\/ru\\\/#website\"},\"datePublished\":\"2018-08-06T08:55:47+00:00\",\"dateModified\":\"2021-09-28T11:38:41+00:00\",\"description\":\"In einer modern ausgestatteten Produktions- und Lagerhalle am Fledderbach entwerfen und fertigen die Mitarbeiter Spannwellen, -k\u00f6pfe und -dorne ganz nach individuellem Kundenwunsch.\",\"breadcrumb\":{\"@id\":\"https:\\\/\\\/wst-spannsysteme.de\\\/fr\\\/entreprise\\\/#breadcrumb\"},\"inLanguage\":\"fr-FR\",\"potentialAction\":[{\"@type\":\"ReadAction\",\"target\":[\"https:\\\/\\\/wst-spannsysteme.de\\\/fr\\\/entreprise\\\/\"]}]},{\"@type\":\"BreadcrumbList\",\"@id\":\"https:\\\/\\\/wst-spannsysteme.de\\\/fr\\\/entreprise\\\/#breadcrumb\",\"itemListElement\":[{\"@type\":\"ListItem\",\"position\":1,\"name\":\"Startseite\",\"item\":\"https:\\\/\\\/wst-spannsysteme.de\\\/fr\\\/\"},{\"@type\":\"ListItem\",\"position\":2,\"name\":\"Entreprise\"}]},{\"@type\":\"WebSite\",\"@id\":\"https:\\\/\\\/wst-spannsysteme.de\\\/ru\\\/#website\",\"url\":\"https:\\\/\\\/wst-spannsysteme.de\\\/ru\\\/\",\"name\":\"WST-SPANNSYSTEME GMBH\",\"description\":\"\",\"potentialAction\":[{\"@type\":\"SearchAction\",\"target\":{\"@type\":\"EntryPoint\",\"urlTemplate\":\"https:\\\/\\\/wst-spannsysteme.de\\\/ru\\\/?s={search_term_string}\"},\"query-input\":{\"@type\":\"PropertyValueSpecification\",\"valueRequired\":true,\"valueName\":\"search_term_string\"}}],\"inLanguage\":\"fr-FR\"}]}<\/script>\n<!-- \/ Yoast SEO plugin. -->","yoast_head_json":{"title":"Entreprise - WST-SPANNSYSTEME GMBH","description":"In einer modern ausgestatteten Produktions- und Lagerhalle am Fledderbach entwerfen und fertigen die Mitarbeiter Spannwellen, -k\u00f6pfe und -dorne ganz nach individuellem Kundenwunsch.","robots":{"index":"index","follow":"follow","max-snippet":"max-snippet:-1","max-image-preview":"max-image-preview:large","max-video-preview":"max-video-preview:-1"},"canonical":"https:\/\/wst-spannsysteme.de\/fr\/entreprise\/","og_locale":"fr_FR","og_type":"article","og_title":"Entreprise - WST-SPANNSYSTEME GMBH","og_description":"In einer modern ausgestatteten Produktions- und Lagerhalle am Fledderbach entwerfen und fertigen die Mitarbeiter Spannwellen, -k\u00f6pfe und -dorne ganz nach individuellem Kundenwunsch.","og_url":"https:\/\/wst-spannsysteme.de\/fr\/entreprise\/","og_site_name":"WST-SPANNSYSTEME GMBH","article_modified_time":"2021-09-28T11:38:41+00:00","twitter_card":"summary_large_image","twitter_misc":{"Dur\u00e9e de lecture estim\u00e9e":"3 minutes"},"schema":{"@context":"https:\/\/schema.org","@graph":[{"@type":"WebPage","@id":"https:\/\/wst-spannsysteme.de\/fr\/entreprise\/","url":"https:\/\/wst-spannsysteme.de\/fr\/entreprise\/","name":"Entreprise - WST-SPANNSYSTEME GMBH","isPartOf":{"@id":"https:\/\/wst-spannsysteme.de\/ru\/#website"},"datePublished":"2018-08-06T08:55:47+00:00","dateModified":"2021-09-28T11:38:41+00:00","description":"In einer modern ausgestatteten Produktions- und Lagerhalle am Fledderbach entwerfen und fertigen die Mitarbeiter Spannwellen, -k\u00f6pfe und -dorne ganz nach individuellem Kundenwunsch.","breadcrumb":{"@id":"https:\/\/wst-spannsysteme.de\/fr\/entreprise\/#breadcrumb"},"inLanguage":"fr-FR","potentialAction":[{"@type":"ReadAction","target":["https:\/\/wst-spannsysteme.de\/fr\/entreprise\/"]}]},{"@type":"BreadcrumbList","@id":"https:\/\/wst-spannsysteme.de\/fr\/entreprise\/#breadcrumb","itemListElement":[{"@type":"ListItem","position":1,"name":"Startseite","item":"https:\/\/wst-spannsysteme.de\/fr\/"},{"@type":"ListItem","position":2,"name":"Entreprise"}]},{"@type":"WebSite","@id":"https:\/\/wst-spannsysteme.de\/ru\/#website","url":"https:\/\/wst-spannsysteme.de\/ru\/","name":"WST-SPANNSYSTEME GMBH","description":"","potentialAction":[{"@type":"SearchAction","target":{"@type":"EntryPoint","urlTemplate":"https:\/\/wst-spannsysteme.de\/ru\/?s={search_term_string}"},"query-input":{"@type":"PropertyValueSpecification","valueRequired":true,"valueName":"search_term_string"}}],"inLanguage":"fr-FR"}]}},"_links":{"self":[{"href":"https:\/\/wst-spannsysteme.de\/fr\/wp-json\/wp\/v2\/pages\/1000","targetHints":{"allow":["GET"]}}],"collection":[{"href":"https:\/\/wst-spannsysteme.de\/fr\/wp-json\/wp\/v2\/pages"}],"about":[{"href":"https:\/\/wst-spannsysteme.de\/fr\/wp-json\/wp\/v2\/types\/page"}],"author":[{"embeddable":true,"href":"https:\/\/wst-spannsysteme.de\/fr\/wp-json\/wp\/v2\/users\/2"}],"replies":[{"embeddable":true,"href":"https:\/\/wst-spannsysteme.de\/fr\/wp-json\/wp\/v2\/comments?post=1000"}],"version-history":[{"count":7,"href":"https:\/\/wst-spannsysteme.de\/fr\/wp-json\/wp\/v2\/pages\/1000\/revisions"}],"predecessor-version":[{"id":1022,"href":"https:\/\/wst-spannsysteme.de\/fr\/wp-json\/wp\/v2\/pages\/1000\/revisions\/1022"}],"wp:attachment":[{"href":"https:\/\/wst-spannsysteme.de\/fr\/wp-json\/wp\/v2\/media?parent=1000"}],"curies":[{"name":"wp","href":"https:\/\/api.w.org\/{rel}","templated":true}]}}