{"id":1217,"date":"2018-11-19T14:16:46","date_gmt":"2018-11-19T13:16:46","guid":{"rendered":"https:\/\/wst-spannsysteme.de\/data-protection\/"},"modified":"2022-10-27T08:54:18","modified_gmt":"2022-10-27T06:54:18","slug":"proteccion-de-datos","status":"publish","type":"page","link":"https:\/\/wst-spannsysteme.de\/es\/proteccion-de-datos\/","title":{"rendered":"Protecci\u00f3n de datos"},"content":{"rendered":"<div class=\"avalex-container\" style=\"position: relative;\">\n<div style=\"display: inline-block; word-break: break-all;\">\n<h2>\u00cdndice<\/h2>\n<\/div>\n<ul style=\"padding-left: 0 !important; list-style-type: none !important;\">\n<li><a href=\"#allgemeines\">I. Generalidades<\/a><\/li>\n<li><a href=\"#verantwortliche-stelle\">II. Organismo responsable<\/a><\/li>\n<li><a href=\"#ihre-rechte\">III. Sus derechos<\/a><\/li>\n<li><a href=\"#verarbeitung-personenbezogener-daten-bei-informatorischer-nutzung-unserer-webseite\">IV. Tratamiento de datos personales durante el uso informativo de nuestro sitio web<\/a><\/li>\n<li><a href=\"#verarbeitung-personenbezogener-daten-durch-cookies\">V. Tratamiento de datos personales a trav\u00e9s de cookies<\/a><\/li>\n<li><a href=\"#weitere-funktionen-und-angebote-unserer-webseite\">VI. Otras funciones y ofertas en nuestro sitio web<\/a><\/li>\n<li><a href=\"#kontaktaufnahme\">VII. Contacto<\/a><\/li>\n<li><a href=\"#serverstandort\">VIII. Ubicaci\u00f3n del servidor<\/a><\/li>\n<\/ul>\n<h2 id=\"allgemeines\">I. Generalidades<\/h2>\n<p>(1) A continuaci\u00f3n le informamos sobre la recopilaci\u00f3n de datos personales al utilizar nuestro sitio web.<\/p>\n<p>(2) El t\u00e9rmino \u00abdatos personales\u00bb significa, con referencia a la definici\u00f3n del art. 4 n.\u00ba 1 del Reglamento (UE) 2016\/679 (en adelante, el \u00abReglamento general de protecci\u00f3n de datos\u00bb o \u00abRGPD\u00bb abreviado), todos los datos que pueden relacionarse con usted personalmente. Esto incluye, por ejemplo, el nombre, la direcci\u00f3n, la direcci\u00f3n de correo electr\u00f3nico y el comportamiento del usuario. Con respecto a la terminolog\u00eda adicional, en particular los t\u00e9rminos \u00abtratamiento\u00bb, \u00abresponsable del tratamiento\u00bb, \u00abencargado del tratamiento\u00bb y \u00abconsentimiento\u00bb, nos remitimos a las definiciones legales de protecci\u00f3n de datos del art\u00edculo 4 del RGPD.<\/p>\n<p>(3) Por principio, solo tratamos los datos personales en la medida en que sea necesario para el funcionamiento del sitio web y los contenidos y servicios que ofrecemos. Los datos personales se procesan regularmente solo si usted nos ha dado su consentimiento en el sentido del art. 6 p\u00e1rr. 1 letra a) del RGPD o si el procesamiento est\u00e1 permitido por las disposiciones legales, en particular por una de las bases legales especificadas en el art. 6 p\u00e1rr. 1 letras b) a f) del RGPD.<\/p>\n<p>(4) Sus datos personales se eliminar\u00e1n o bloquear\u00e1n tan pronto como el prop\u00f3sito de su almacenamiento deje de ser aplicable. Adem\u00e1s, el almacenamiento puede tener lugar si as\u00ed lo establece la normativa nacional o europea a la que estamos sujetos. En este caso, los datos se bloquear\u00e1n o se eliminar\u00e1n cuando haya expirado el per\u00edodo de almacenamiento prescrito por la normativa correspondiente. Esto \u00faltimo no se aplica si el almacenamiento posterior de los datos es necesario para la celebraci\u00f3n o el cumplimiento de un contrato.<\/p>\n<p>(5) En caso de que recurramos a proveedores de servicios encargados para funciones individuales de nuestro sitio web o deseemos utilizar sus datos con fines publicitarios, le informaremos detalladamente sobre los procesos respectivos a continuaci\u00f3n.<\/p>\n<h2 id=\"verantwortliche-stelle\">II. Organismo responsable<\/h2>\n<p>(1) El responsable en el sentido del art. 4 n.\u00ba 7 del RGPD, de las dem\u00e1s leyes de protecci\u00f3n de datos aplicables en los Estados miembros de la Uni\u00f3n Europea y de otros reglamentos, as\u00ed como de las disposiciones de car\u00e1cter de protecci\u00f3n de datos, es:<\/p>\n<p>WST Spannsysteme GmbH<br \/>\nDirector General: Andreas Biester<\/p>\n<p>Am Fledderbach 7<br \/>\n49201 Dissen a.T.W.<\/p>\n<p>Tel.: +49 5421 93190<br \/>\nFax: +49 5421 931919<br \/>\nCorreo electr\u00f3nico: <a href=\"mailto:info@wst-spannsysteme.de\">info@wst-spannsysteme.de<\/a><\/p>\n<p>Tribunal de registro: Juzgado de primera instancia de Osnabr\u00fcck<br \/>\nN\u00famero de registro: HRB 207314<\/p>\n<p>(2) Puede encontrar m\u00e1s detalles sobre el organismo responsable en nuestro Aviso legal.<\/p>\n<h2 id=\"ihre-rechte\">III. Sus derechos<\/h2>\n<p>(1) Usted tiene los siguientes derechos en relaci\u00f3n con los datos personales que le conciernen:<\/p>\n<ul>\n<li>derecho de informaci\u00f3n,<\/li>\n<li>derecho de rectificaci\u00f3n y supresi\u00f3n,<\/li>\n<li>derecho a la limitaci\u00f3n del tratamiento,<\/li>\n<li>derecho a oponerse al tratamiento,<\/li>\n<li>derecho a la portabilidad de los datos.<\/li>\n<\/ul>\n<p>(2) Tambi\u00e9n tiene derecho a reclamar ante una autoridad de control encargada de la protecci\u00f3n de datos por el tratamiento que hacemos de sus datos personales.<\/p>\n<h2 id=\"verarbeitung-personenbezogener-daten-bei-informatorischer-nutzung-unserer-webseite\">IV. Tratamiento de datos personales durante el uso informativo de nuestro sitio web<\/h2>\n<p>(1) Si accede a nuestro sitio web sin registrarse ni proporcionarnos informaci\u00f3n de otro modo (\u00abuso informativo\u00bb), solo recopilamos los datos personales que su navegador web transmite a nuestro servidor. Si desea ver nuestro sitio web, recopilamos los siguientes datos, que son t\u00e9cnicamente necesarios para permitirle ver nuestro sitio web y para garantizar la estabilidad y la seguridad: direcci\u00f3n IP, fecha y hora de la solicitud, diferencia de zona horaria con respecto a GMT, contenido de la p\u00e1gina web, estado de acceso (estado HTTP), cantidad de datos transferidos, sitio web solicitado, navegador web, sistema operativo, idioma y versi\u00f3n del navegador.<\/p>\n<p>(2) Los datos mencionados tambi\u00e9n se almacenan en los llamados archivos de registro en nuestros servidores. Estos datos no se almacenan junto con otros datos personales sobre usted.<\/p>\n<p>(3) La recopilaci\u00f3n y el almacenamiento temporal de la direcci\u00f3n IP son necesarios para permitir la entrega de nuestro sitio web a su dispositivo terminal. Para ello, su direcci\u00f3n IP debe ser almacenada mientras dure su visita a nuestro sitio web.<\/p>\n<p>(4) El almacenamiento de los datos mencionados en los archivos de registro sirve para garantizar la funcionalidad y la optimizaci\u00f3n de nuestro sitio web, as\u00ed como para garantizar la seguridad de nuestros sistemas inform\u00e1ticos.<\/p>\n<p>(5) No se realiza una evaluaci\u00f3n de estos datos con fines de marketing. Nuestro inter\u00e9s leg\u00edtimo en el tratamiento de los datos reside en los fines mencionados. La base legal para la recopilaci\u00f3n y el almacenamiento temporal de los datos mencionados y de los archivos de registro es el art. 6 p\u00e1rr. 1 p. 1 letra f) del RGPD. Los datos mencionados para la prestaci\u00f3n de nuestro sitio web se eliminar\u00e1n cuando haya finalizado la sesi\u00f3n correspondiente. La recopilaci\u00f3n de los datos mencionados para proporcionar nuestro sitio web y el almacenamiento de estos datos en archivos de registro es absolutamente necesario para el funcionamiento de nuestro sitio web. No existe la posibilidad de oponerse.<\/p>\n<h2 id=\"verarbeitung-personenbezogener-daten-durch-cookies\">V. Tratamiento de datos personales a trav\u00e9s de cookies<\/h2>\n<p>(1) En nuestro sitio web utilizamos las llamadas cookies. Las cookies son peque\u00f1os archivos de texto que se almacenan en el medio de almacenamiento de su dispositivo terminal, por ejemplo, en un disco duro, y que nos proporcionan, como organismo que establece la cookie, cierta informaci\u00f3n. Las cookies no pueden ejecutar programas ni transmitir virus a su dispositivo terminal. Este sitio web utiliza los siguientes tipos de cookies, cuyo alcance y funcionalidad se explican a continuaci\u00f3n.<\/p>\n<p>(2) Cookies que se almacenan asociadas a su navegador web:<\/p>\n<ul>\n<li>Cookies transitorias: estas cookies se eliminan autom\u00e1ticamente cuando usted cierra su navegador. Entre ellas se encuentran, en particular, las cookies de sesi\u00f3n. Estas almacenan un llamado ID de sesi\u00f3n, que puede ser utilizado para asignar varias solicitudes de su navegador web a la sesi\u00f3n conjunta. Esto permite que su dispositivo terminal sea reconocido cuando regrese a nuestro sitio web. Las cookies de sesi\u00f3n se eliminan en cuanto se cierra la sesi\u00f3n o el navegador.<\/li>\n<li>Cookies persistentes: estas cookies se eliminan autom\u00e1ticamente despu\u00e9s de un per\u00edodo de tiempo predefinido, que puede variar en funci\u00f3n de la cookie. Puede eliminar estas cookies en cualquier momento en la configuraci\u00f3n de su navegador web.<\/li>\n<\/ul>\n<p>(3) El tratamiento de datos personales por parte de las mencionadas cookies sirve para que la oferta de nuestro sitio web en su conjunto sea m\u00e1s f\u00e1cil de usar y eficaz para usted. Algunas funciones de nuestro sitio web no pueden ofrecerse sin el uso de estas cookies. En particular, algunas funciones de nuestro sitio web requieren que su navegador pueda seguir siendo identificado despu\u00e9s de un cambio de p\u00e1gina. Si tiene una cuenta, utilizamos las cookies para identificarle en las siguientes visitas. Esto evita que tenga que volver a iniciar sesi\u00f3n cada vez que visite nuestro sitio web. Los datos tratados por las cookies que son necesarios para la prestaci\u00f3n de las funciones de nuestro sitio web no se utilizan para crear perfiles de usuario. Cuando las cookies se utilizan con fines de an\u00e1lisis, sirven para mejorar la calidad y la facilidad de uso de nuestro sitio web, su contenido y sus funciones. Nos permiten hacer un seguimiento de c\u00f3mo se utiliza el sitio web, qu\u00e9 funciones se usan y con qu\u00e9 frecuencia. Esto nos permite optimizar continuamente nuestra oferta.<\/p>\n<p>(4) Nuestro inter\u00e9s leg\u00edtimo en el tratamiento de datos radica en los fines mencionados. La base legal es el art. 6 p\u00e1rr. 1 letra f) del RGPD.<\/p>\n<p>(5) Las cookies anteriores se almacenan en su dispositivo terminal y se transmiten desde este a nuestro servidor. Por lo tanto, usted mismo puede configurar el tratamiento de datos e informaci\u00f3n mediante cookies. Puede realizar las configuraciones adecuadas en los ajustes de su navegador web, a trav\u00e9s de los cuales puede, por ejemplo, rechazar las cookies de terceros o las cookies por completo. En este contexto, nos gustar\u00eda se\u00f1alar que es posible que entonces no pueda utilizar correctamente todas las funciones de nuestro sitio web. Adem\u00e1s, le recomendamos que borre manualmente y con regularidad las cookies y el historial de su navegador.<\/p>\n<h2 id=\"weitere-funktionen-und-angebote-unserer-webseite\">VI. Otras funciones y ofertas en nuestro sitio web<\/h2>\n<p>(1) Adem\u00e1s del mencionado uso informativo de nuestro sitio web, ofrecemos distintos servicios que puede utilizar si est\u00e1 interesado. Esto suele requerir el suministro de otros datos personales. Necesitamos estos datos para prestar el servicio correspondiente. Para ello, se aplican los principios del tratamiento de datos mencionados anteriormente.<\/p>\n<p>(2) En algunos casos, utilizamos proveedores de servicios externos que han sido cuidadosamente seleccionados y encargados por nosotros para el tratamiento de estos datos. Estos proveedores de servicios est\u00e1n sujetos a nuestras instrucciones y son inspeccionados regularmente por nosotros. En caso de que los datos personales se transmitan a terceros en el curso de los servicios que ofrecemos junto con nuestros socios, podr\u00e1 encontrar informaci\u00f3n m\u00e1s detallada en las siguientes descripciones de los servicios individuales. Si estos terceros tienen su sede en un pa\u00eds fuera del Espacio Econ\u00f3mico Europeo, podr\u00e1 encontrar informaci\u00f3n m\u00e1s detallada sobre las consecuencias de esta circunstancia en las siguientes descripciones de los servicios individuales.<\/p>\n<h2 id=\"kontaktaufnahme\">VII. Contacto<\/h2>\n<p>(1) Si se pone en contacto con nosotros por correo electr\u00f3nico, se almacenar\u00e1n los datos personales que nos env\u00ede con su correo electr\u00f3nico.<\/p>\n<p>(2) Tambi\u00e9n tenemos un formulario de contacto en nuestro sitio web que puede utilizar para ponerse en contacto con nosotros. Los datos que introduzca en la m\u00e1scara de entrada nos ser\u00e1n transmitidos y ser\u00e1n almacenados: tratamiento, nombre, apellidos, direcci\u00f3n de correo electr\u00f3nico, direcci\u00f3n, tel\u00e9fono, mensaje, datos de la consulta.<\/p>\n<p>(3) Los datos solo se utilizar\u00e1n para responder a sus preguntas. A menos que se indique expl\u00edcitamente en esta pol\u00edtica de protecci\u00f3n de datos, los datos no se transmitir\u00e1n a terceros. Tambi\u00e9n registramos su direcci\u00f3n IP y la hora de env\u00edo.<\/p>\n<p>(4) El tratamiento de los datos personales mencionados anteriormente tiene como \u00fanica finalidad atender sus consultas.<\/p>\n<p>(5) El tratamiento de otros datos personales, generados por el uso del formulario de contacto proporcionado en nuestro sitio web, sirve para evitar el uso indebido y para garantizar la seguridad de nuestros sistemas inform\u00e1ticos.<\/p>\n<p>(6) Aqu\u00ed tambi\u00e9n radica nuestro inter\u00e9s leg\u00edtimo en el tratamiento de sus datos personales. Si nos ha dado su consentimiento para ello, la base legal para el tratamiento de estos datos es el art. 6 p\u00e1rr. 1 letra a) del RGPD. Adem\u00e1s, la base legal para el tratamiento de estos datos es el art. 6 p\u00e1rr. 1 letra f) del RGPD, en particular en el caso de que los datos nos sean transmitidos por usted al enviarnos un correo electr\u00f3nico. Si desea conseguir la celebraci\u00f3n de un contrato a trav\u00e9s de su correo electr\u00f3nico, el art. 6, p\u00e1rr. 1 letra b) del RGPD representa una base legal adicional.<\/p>\n<p>(7) Con sujeci\u00f3n a los plazos legales de conservaci\u00f3n, los datos se eliminar\u00e1n en cuanto hayamos tramitado definitivamente su solicitud. Poni\u00e9ndose en contacto con nosotros por correo electr\u00f3nico podr\u00e1 oponerse al almacenamiento de sus datos personales en cualquier momento. Tenga en cuenta que, en este caso, su solicitud no podr\u00e1 seguir siendo tramitada. Puede indicar la retirada de su consentimiento o su oposici\u00f3n escribi\u00e9ndonos a nuestra direcci\u00f3n de correo electr\u00f3nico indicada en el Aviso legal.<\/p>\n<h2 id=\"serverstandort\">VIII. Ubicaci\u00f3n del servidor<\/h2>\n<p>Procesamos y\/o almacenamos sus datos personales en un servidor de un proveedor externo en la Uni\u00f3n Europea. Esto garantiza el cumplimiento de las normas y reglamentos de la ley europea de protecci\u00f3n de datos.<\/p>\n<div class=\"mkb-anchor mkb-clearfix mkb-back-to-top-inline\">\n<div class=\"mkb-anchor mkb-clearfix mkb-back-to-top-inline\">\n<h2 class=\"mkb-anchor__title\">Cookie de Borlabs<\/h2>\n<\/div>\n<p>Este sitio web utiliza la cookie de Borlabs, que establece una cookie t\u00e9cnicamente necesaria (borlabs-cookie) para almacenar su consentimiento de cookies.<\/p>\n<p>La cookie de Borlabs no procesa ning\u00fan dato personal.<\/p>\n<p>La borlabs-cookie almacena el consentimiento que usted dio al entrar en el sitio web. Si desea revocar estos consentimientos, simplemente borre la cookie en su navegador. Cuando vuelva a entrar\/recargar el sitio web, se le pedir\u00e1 de nuevo su consentimiento para las cookies. Traducci\u00f3n realizada con la versi\u00f3n gratuita del traductor www.DeepL.com\/Translator<\/p>\n<p>&nbsp;<\/p>\n<\/div>\n<\/div>\n","protected":false},"excerpt":{"rendered":"<p>\u00cdndice I. Generalidades II. Organismo responsable III. Sus derechos IV. Tratamiento de datos personales durante el uso informativo de nuestro sitio web V. Tratamiento de datos personales a trav\u00e9s de cookies VI. Otras funciones y ofertas en nuestro sitio web VII. Contacto VIII. Ubicaci\u00f3n del servidor I. Generalidades (1) A continuaci\u00f3n le informamos sobre la [&hellip;]<\/p>\n","protected":false},"author":2,"featured_media":0,"parent":0,"menu_order":0,"comment_status":"closed","ping_status":"closed","template":"","meta":{"_acf_changed":false,"footnotes":""},"class_list":["post-1217","page","type-page","status-publish","hentry"],"acf":[],"yoast_head":"<!-- This site is optimized with the Yoast SEO plugin v27.4 - https:\/\/yoast.com\/product\/yoast-seo-wordpress\/ -->\n<title>Protecci\u00f3n de datos - WST-SPANNSYSTEME GMBH<\/title>\n<meta name=\"robots\" content=\"index, follow, max-snippet:-1, max-image-preview:large, max-video-preview:-1\" \/>\n<link rel=\"canonical\" href=\"https:\/\/wst-spannsysteme.de\/es\/proteccion-de-datos\/\" \/>\n<meta property=\"og:locale\" content=\"es_ES\" \/>\n<meta property=\"og:type\" content=\"article\" \/>\n<meta property=\"og:title\" content=\"Protecci\u00f3n de datos - WST-SPANNSYSTEME GMBH\" \/>\n<meta property=\"og:description\" content=\"\u00cdndice I. Generalidades II. Organismo responsable III. Sus derechos IV. Tratamiento de datos personales durante el uso informativo de nuestro sitio web V. Tratamiento de datos personales a trav\u00e9s de cookies VI. Otras funciones y ofertas en nuestro sitio web VII. Contacto VIII. Ubicaci\u00f3n del servidor I. Generalidades (1) A continuaci\u00f3n le informamos sobre la [&hellip;]\" \/>\n<meta property=\"og:url\" content=\"https:\/\/wst-spannsysteme.de\/es\/proteccion-de-datos\/\" \/>\n<meta property=\"og:site_name\" content=\"WST-SPANNSYSTEME GMBH\" \/>\n<meta property=\"article:modified_time\" content=\"2022-10-27T06:54:18+00:00\" \/>\n<meta name=\"twitter:card\" content=\"summary_large_image\" \/>\n<meta name=\"twitter:label1\" content=\"Tiempo de lectura\" \/>\n\t<meta name=\"twitter:data1\" content=\"12 minutos\" \/>\n<script type=\"application\/ld+json\" class=\"yoast-schema-graph\">{\"@context\":\"https:\\\/\\\/schema.org\",\"@graph\":[{\"@type\":\"WebPage\",\"@id\":\"https:\\\/\\\/wst-spannsysteme.de\\\/es\\\/proteccion-de-datos\\\/\",\"url\":\"https:\\\/\\\/wst-spannsysteme.de\\\/es\\\/proteccion-de-datos\\\/\",\"name\":\"Protecci\u00f3n de datos - WST-SPANNSYSTEME GMBH\",\"isPartOf\":{\"@id\":\"https:\\\/\\\/wst-spannsysteme.de\\\/ru\\\/#website\"},\"datePublished\":\"2018-11-19T13:16:46+00:00\",\"dateModified\":\"2022-10-27T06:54:18+00:00\",\"breadcrumb\":{\"@id\":\"https:\\\/\\\/wst-spannsysteme.de\\\/es\\\/proteccion-de-datos\\\/#breadcrumb\"},\"inLanguage\":\"es\",\"potentialAction\":[{\"@type\":\"ReadAction\",\"target\":[\"https:\\\/\\\/wst-spannsysteme.de\\\/es\\\/proteccion-de-datos\\\/\"]}]},{\"@type\":\"BreadcrumbList\",\"@id\":\"https:\\\/\\\/wst-spannsysteme.de\\\/es\\\/proteccion-de-datos\\\/#breadcrumb\",\"itemListElement\":[{\"@type\":\"ListItem\",\"position\":1,\"name\":\"Startseite\",\"item\":\"https:\\\/\\\/wst-spannsysteme.de\\\/es\\\/\"},{\"@type\":\"ListItem\",\"position\":2,\"name\":\"Protecci\u00f3n de datos\"}]},{\"@type\":\"WebSite\",\"@id\":\"https:\\\/\\\/wst-spannsysteme.de\\\/ru\\\/#website\",\"url\":\"https:\\\/\\\/wst-spannsysteme.de\\\/ru\\\/\",\"name\":\"WST-SPANNSYSTEME GMBH\",\"description\":\"\",\"potentialAction\":[{\"@type\":\"SearchAction\",\"target\":{\"@type\":\"EntryPoint\",\"urlTemplate\":\"https:\\\/\\\/wst-spannsysteme.de\\\/ru\\\/?s={search_term_string}\"},\"query-input\":{\"@type\":\"PropertyValueSpecification\",\"valueRequired\":true,\"valueName\":\"search_term_string\"}}],\"inLanguage\":\"es\"}]}<\/script>\n<!-- \/ Yoast SEO plugin. -->","yoast_head_json":{"title":"Protecci\u00f3n de datos - WST-SPANNSYSTEME GMBH","robots":{"index":"index","follow":"follow","max-snippet":"max-snippet:-1","max-image-preview":"max-image-preview:large","max-video-preview":"max-video-preview:-1"},"canonical":"https:\/\/wst-spannsysteme.de\/es\/proteccion-de-datos\/","og_locale":"es_ES","og_type":"article","og_title":"Protecci\u00f3n de datos - WST-SPANNSYSTEME GMBH","og_description":"\u00cdndice I. Generalidades II. Organismo responsable III. Sus derechos IV. Tratamiento de datos personales durante el uso informativo de nuestro sitio web V. Tratamiento de datos personales a trav\u00e9s de cookies VI. Otras funciones y ofertas en nuestro sitio web VII. Contacto VIII. Ubicaci\u00f3n del servidor I. Generalidades (1) A continuaci\u00f3n le informamos sobre la [&hellip;]","og_url":"https:\/\/wst-spannsysteme.de\/es\/proteccion-de-datos\/","og_site_name":"WST-SPANNSYSTEME GMBH","article_modified_time":"2022-10-27T06:54:18+00:00","twitter_card":"summary_large_image","twitter_misc":{"Tiempo de lectura":"12 minutos"},"schema":{"@context":"https:\/\/schema.org","@graph":[{"@type":"WebPage","@id":"https:\/\/wst-spannsysteme.de\/es\/proteccion-de-datos\/","url":"https:\/\/wst-spannsysteme.de\/es\/proteccion-de-datos\/","name":"Protecci\u00f3n de datos - WST-SPANNSYSTEME GMBH","isPartOf":{"@id":"https:\/\/wst-spannsysteme.de\/ru\/#website"},"datePublished":"2018-11-19T13:16:46+00:00","dateModified":"2022-10-27T06:54:18+00:00","breadcrumb":{"@id":"https:\/\/wst-spannsysteme.de\/es\/proteccion-de-datos\/#breadcrumb"},"inLanguage":"es","potentialAction":[{"@type":"ReadAction","target":["https:\/\/wst-spannsysteme.de\/es\/proteccion-de-datos\/"]}]},{"@type":"BreadcrumbList","@id":"https:\/\/wst-spannsysteme.de\/es\/proteccion-de-datos\/#breadcrumb","itemListElement":[{"@type":"ListItem","position":1,"name":"Startseite","item":"https:\/\/wst-spannsysteme.de\/es\/"},{"@type":"ListItem","position":2,"name":"Protecci\u00f3n de datos"}]},{"@type":"WebSite","@id":"https:\/\/wst-spannsysteme.de\/ru\/#website","url":"https:\/\/wst-spannsysteme.de\/ru\/","name":"WST-SPANNSYSTEME GMBH","description":"","potentialAction":[{"@type":"SearchAction","target":{"@type":"EntryPoint","urlTemplate":"https:\/\/wst-spannsysteme.de\/ru\/?s={search_term_string}"},"query-input":{"@type":"PropertyValueSpecification","valueRequired":true,"valueName":"search_term_string"}}],"inLanguage":"es"}]}},"_links":{"self":[{"href":"https:\/\/wst-spannsysteme.de\/es\/wp-json\/wp\/v2\/pages\/1217","targetHints":{"allow":["GET"]}}],"collection":[{"href":"https:\/\/wst-spannsysteme.de\/es\/wp-json\/wp\/v2\/pages"}],"about":[{"href":"https:\/\/wst-spannsysteme.de\/es\/wp-json\/wp\/v2\/types\/page"}],"author":[{"embeddable":true,"href":"https:\/\/wst-spannsysteme.de\/es\/wp-json\/wp\/v2\/users\/2"}],"replies":[{"embeddable":true,"href":"https:\/\/wst-spannsysteme.de\/es\/wp-json\/wp\/v2\/comments?post=1217"}],"version-history":[{"count":6,"href":"https:\/\/wst-spannsysteme.de\/es\/wp-json\/wp\/v2\/pages\/1217\/revisions"}],"predecessor-version":[{"id":1991,"href":"https:\/\/wst-spannsysteme.de\/es\/wp-json\/wp\/v2\/pages\/1217\/revisions\/1991"}],"wp:attachment":[{"href":"https:\/\/wst-spannsysteme.de\/es\/wp-json\/wp\/v2\/media?parent=1217"}],"curies":[{"name":"wp","href":"https:\/\/api.w.org\/{rel}","templated":true}]}}