{"id":1196,"date":"2018-08-06T10:54:48","date_gmt":"2018-08-06T08:54:48","guid":{"rendered":"https:\/\/wst-spannsysteme.de\/startseite\/"},"modified":"2021-08-20T14:40:17","modified_gmt":"2021-08-20T12:40:17","slug":"startseite","status":"publish","type":"page","link":"https:\/\/wst-spannsysteme.de\/es\/","title":{"rendered":"Startseite"},"content":{"rendered":"<h1>WST-Spannsysteme GmbH<\/h1>\n<h2>Arbres de serrage, mandrins de serrage, t\u00eates de serrage<\/h2>\n<h3>Spanntechnik made in Germany Wir entwickeln und produzieren Spannsysteme seit mehr als 30 Jahren<\/h3>\n<p>Know-how, Pr\u00e4zision und Kontinuit\u00e4t f\u00fcr Wickelsysteme aller Art. Das ist die Basis f\u00fcr Spanntechnik \u201emade in Germany\u201c aus Dissen.<br \/>\nmehr \u00fcber Spanntechnik<\/p>\n<p><strong>WST-Spannsysteme Spannwellen, Spanndorne, Spannk\u00f6pfe und mehr aus der Spanntechnik<\/strong><\/p>\n<p>Eine \u00dcbersicht unserer Produkte aus der Spanntechnik, wie z.B. Spannwellen, Spanndorne, Spannk\u00f6pfe, Friktionswellen, Kupplungen und Zubeh\u00f6r.<br \/>\nmehr \u00fcber Spannwellen<\/p>\n<p>Pr\u00e4zision &amp; Qualit\u00e4t Spannsysteme mit h\u00f6chsten Anspr\u00fcchen an die Technik und Fertigung<\/p>\n<p>Entwicklung nach Ma\u00df: Spannwellen, Spanndorne, Spannk\u00f6pfe, Friktionswellen, Kupplungen und Zubeh\u00f6r werden von uns pr\u00e4zise geplant und produziert.<br \/>\nmehr \u00fcber Entwicklung \/ Service<\/p>\n<p><strong>WST-Spannsysteme aus Dissen &#8211; Spanntechnik f\u00fcr jede Anforderung<\/strong><\/p>\n<p>Seit \u00fcber 30 Jahren entwickeln wir Spannsysteme hoher Qualit\u00e4t und Pr\u00e4zision. Bereits bei der Planung und Entwicklung von Spannwellen, Spanndornen, Spannk\u00f6pfen und Friktionswellen setzen wir auf Know-how und Fachkompetenz. Dabei sind wir am besten bereits bei der Planung dabei und unterst\u00fctzen unsere Kunden mit Ideenreichtum und jahrzehntelanger Erfahrung von der Idee bis zur fertigen Spannwelle oder Spannkopf. Langj\u00e4hrige Erfahrung, technisches Know-how und Termintreue zeichnen uns als leistungsstarken Partner in der Spanntechnik aus.<\/p>\n<p><strong>Der Spezialist f\u00fcr hochwertige Spanntechnik<\/strong><\/p>\n<p>zuverl\u00e4ssige Produkte rund um professionelle Spannsysteme<\/p>\n<p>Viele Hersteller von Spannsystemen machen Kompromisse bei der Qualit\u00e4t. WST-Spannsysteme hingegen ist sich seiner Verantwortung f\u00fcr die Funktionst\u00fcchtigkeit und die Lebensdauer der Spanntechnik sehr bewusst. Alle unserer Produkte und auch das Zubeh\u00f6r der Spanntechnik gen\u00fcgen allerh\u00f6chsten Anspr\u00fcchen und gew\u00e4hrleisten beste Ergebnisse und eine lange Lebensdauer in der Industrie.<\/p>\n<p><em>Spannelemente zum Aufwickeln und Abwickeln<\/em><\/p>\n<p>Bei der industriellen Fertigung werden vielfach bahnf\u00f6rmige Materialen, wie zum Beispiel Papier, Textilien, Vlies, Metallfolien oder Folien aus Kunststoff aufgewickelt bevor sie weiterverarbeitet werden. Auch das Abwickeln diverser Bahnen geh\u00f6rt zur Produktion dazu. Unsere Spannelemente sorgen dabei f\u00fcr die effiziente und reibungslose Verarbeitung. Von Spannwellen, Wickelpinolen und Friktionswellen \u00fcber Luftspannk\u00f6pfe und mechanische Spannk\u00f6pfe bis hin zu Spanntechnikadaptern und einem reichhaltigen Zubeh\u00f6r reicht unser Sortiment. Wir liefern Spanntechnik mit h\u00f6chster Qualit\u00e4t, langer Lebensdauer und einfacher Bedienung, wie z.B. pneumatische Spannk\u00f6pfe, Spanndorne und Spannwellen mit dem passenden Zubeh\u00f6r.<\/p>\n<p><strong>Spannwellen<\/strong><\/p>\n<p>Mechanische oder pneumatische Spannwellen zum Auf- und Abwickeln bahnf\u00f6rmiger Materialien. Spannen von mehr- und einnutzigen H\u00fclsen.<\/p>\n<p>Zu den Spannwellen<\/p>\n<p><strong>Spanndorne<\/strong><\/p>\n<p>Geeignet zum Auf- und Abwickeln bahnf\u00f6rmiger Materialien sind mechanische oder pneumatische Spanndorne. Wartungsarm und langlebig.<\/p>\n<p>Zum Bereich Spanndorne<\/p>\n<p><strong>Spannk\u00f6pfe<\/strong><\/p>\n<p>Unserer mechanischen oder pneumatischen Spannk\u00f6pfe wurden f\u00fcr achsenloses Wickeln von bahnf\u00f6rmigen Materialien entwickelt.<\/p>\n<p>Zum Bereich Spannk\u00f6pfe<\/p>\n<p><strong>Spannkupplungen<\/strong><\/p>\n<p>Zur Verarbeitung bahnf\u00f6rmiger Materialien produzieren wir mechanische oder pneumatische Spannkupplungen mit Expansionsreifen.<\/p>\n<p>Zu den Spannkupplungen<\/p>\n<p><strong>Wickelspannsysteme nach Kundenwunsch<\/strong><\/p>\n<p>Von Spannwellen \u00fcber Wickelpinolen bis hin zu mechanischen Spannk\u00f6pfen: Die Produktpalette unseres Unternehmens ist breit gef\u00e4chert. Doch manchmal ist das vorhandene Sortiment der Spanntechnik nicht ausreichend, und es bedarf der individuellen Entwicklung von Spannelementen. Unsere Konstrukteure finden f\u00fcr jede Anforderung eine L\u00f6sung. Dabei stehen die Bed\u00fcrfnisse und Anforderungen an die Spanntechnik unserer Kunden immer an erster Stelle. Das Team von WST-Spannsysteme plant, entwickelt und produziert exakt die Spanntechnik, die der Kunde braucht. Am Ende stehen individuelle und solide Spannelemente mit hoher Qualit\u00e4t, Effizienz und langer Lebensdauer.<\/p>\n<p><strong>Fragen zu unseren Spannsystemen?<\/strong><\/p>\n<p>Wir beraten Sie gern bei allen Fragen rund um die Spanntechnik. Bereits bei der Idee und Planung von hochwertigen Spannsystemen stehen wir Ihnen mit Rat und Tat zur Seite.<br \/>\nzum Kontakt WST-Spannsysteme<\/p>\n<p><strong>Spanntechnik weltweit &#8211; Pr\u00e4zision aus Dissen?<\/strong><\/p>\n<p>Wir liefern Qualit\u00e4tsspanntechnik \u00fcber die deutschen Grenzen hinaus. Unsere Spannwellen, Spannk\u00f6pfe, Spanndorne und Spannkupplungen liefern wir in die ganze Welt. Wir sind stolz auf unsere zufriedenen Kunden in ganz Europa und \u00dcbersee.<\/p>\n","protected":false},"excerpt":{"rendered":"<p>WST-Spannsysteme GmbH Arbres de serrage, mandrins de serrage, t\u00eates de serrage Spanntechnik made in Germany Wir entwickeln und produzieren Spannsysteme seit mehr als 30 Jahren Know-how, Pr\u00e4zision und Kontinuit\u00e4t f\u00fcr Wickelsysteme aller Art. Das ist die Basis f\u00fcr Spanntechnik \u201emade in Germany\u201c aus Dissen. mehr \u00fcber Spanntechnik WST-Spannsysteme Spannwellen, Spanndorne, Spannk\u00f6pfe und mehr aus der [&hellip;]<\/p>\n","protected":false},"author":2,"featured_media":0,"parent":0,"menu_order":0,"comment_status":"closed","ping_status":"closed","template":"box.php","meta":{"_acf_changed":false,"footnotes":""},"class_list":["post-1196","page","type-page","status-publish","hentry"],"acf":[],"yoast_head":"<!-- This site is optimized with the Yoast SEO plugin v27.4 - https:\/\/yoast.com\/product\/yoast-seo-wordpress\/ -->\n<title>Spannwellen, Spanndorne &amp; Spannk\u00f6pfe - WST-SPANNSYSTEME GMBH<\/title>\n<meta name=\"description\" content=\"Bereits bei der Planung und Entwicklung von Spannwellen, Spanndornen, Spannk\u00f6pfen und Friktionswellen setzen wir auf Know-how und Fachkompetenz.\" \/>\n<meta name=\"robots\" content=\"index, follow, max-snippet:-1, max-image-preview:large, max-video-preview:-1\" \/>\n<link rel=\"canonical\" href=\"https:\/\/wst-spannsysteme.de\/es\/\" \/>\n<meta property=\"og:locale\" content=\"es_ES\" \/>\n<meta property=\"og:type\" content=\"article\" \/>\n<meta property=\"og:title\" content=\"Spannwellen, Spanndorne &amp; Spannk\u00f6pfe - WST-SPANNSYSTEME GMBH\" \/>\n<meta property=\"og:description\" content=\"Bereits bei der Planung und Entwicklung von Spannwellen, Spanndornen, Spannk\u00f6pfen und Friktionswellen setzen wir auf Know-how und Fachkompetenz.\" \/>\n<meta property=\"og:url\" content=\"https:\/\/wst-spannsysteme.de\/es\/\" \/>\n<meta property=\"og:site_name\" content=\"WST-SPANNSYSTEME GMBH\" \/>\n<meta property=\"article:modified_time\" content=\"2021-08-20T12:40:17+00:00\" \/>\n<meta name=\"twitter:card\" content=\"summary_large_image\" \/>\n<meta name=\"twitter:label1\" content=\"Tiempo de lectura\" \/>\n\t<meta name=\"twitter:data1\" content=\"3 minutos\" \/>\n<script type=\"application\/ld+json\" class=\"yoast-schema-graph\">{\"@context\":\"https:\\\/\\\/schema.org\",\"@graph\":[{\"@type\":\"WebPage\",\"@id\":\"https:\\\/\\\/wst-spannsysteme.de\\\/es\\\/\",\"url\":\"https:\\\/\\\/wst-spannsysteme.de\\\/es\\\/\",\"name\":\"Spannwellen, Spanndorne & Spannk\u00f6pfe - WST-SPANNSYSTEME GMBH\",\"isPartOf\":{\"@id\":\"https:\\\/\\\/wst-spannsysteme.de\\\/ru\\\/#website\"},\"datePublished\":\"2018-08-06T08:54:48+00:00\",\"dateModified\":\"2021-08-20T12:40:17+00:00\",\"description\":\"Bereits bei der Planung und Entwicklung von Spannwellen, Spanndornen, Spannk\u00f6pfen und Friktionswellen setzen wir auf Know-how und Fachkompetenz.\",\"breadcrumb\":{\"@id\":\"https:\\\/\\\/wst-spannsysteme.de\\\/es\\\/#breadcrumb\"},\"inLanguage\":\"es\",\"potentialAction\":[{\"@type\":\"ReadAction\",\"target\":[\"https:\\\/\\\/wst-spannsysteme.de\\\/es\\\/\"]}]},{\"@type\":\"BreadcrumbList\",\"@id\":\"https:\\\/\\\/wst-spannsysteme.de\\\/es\\\/#breadcrumb\",\"itemListElement\":[{\"@type\":\"ListItem\",\"position\":1,\"name\":\"Startseite\",\"item\":\"https:\\\/\\\/wst-spannsysteme.de\\\/es\\\/\"},{\"@type\":\"ListItem\",\"position\":2,\"name\":\"Startseite\"}]},{\"@type\":\"WebSite\",\"@id\":\"https:\\\/\\\/wst-spannsysteme.de\\\/ru\\\/#website\",\"url\":\"https:\\\/\\\/wst-spannsysteme.de\\\/ru\\\/\",\"name\":\"WST-SPANNSYSTEME GMBH\",\"description\":\"\",\"potentialAction\":[{\"@type\":\"SearchAction\",\"target\":{\"@type\":\"EntryPoint\",\"urlTemplate\":\"https:\\\/\\\/wst-spannsysteme.de\\\/ru\\\/?s={search_term_string}\"},\"query-input\":{\"@type\":\"PropertyValueSpecification\",\"valueRequired\":true,\"valueName\":\"search_term_string\"}}],\"inLanguage\":\"es\"}]}<\/script>\n<!-- \/ Yoast SEO plugin. -->","yoast_head_json":{"title":"Spannwellen, Spanndorne & Spannk\u00f6pfe - WST-SPANNSYSTEME GMBH","description":"Bereits bei der Planung und Entwicklung von Spannwellen, Spanndornen, Spannk\u00f6pfen und Friktionswellen setzen wir auf Know-how und Fachkompetenz.","robots":{"index":"index","follow":"follow","max-snippet":"max-snippet:-1","max-image-preview":"max-image-preview:large","max-video-preview":"max-video-preview:-1"},"canonical":"https:\/\/wst-spannsysteme.de\/es\/","og_locale":"es_ES","og_type":"article","og_title":"Spannwellen, Spanndorne & Spannk\u00f6pfe - WST-SPANNSYSTEME GMBH","og_description":"Bereits bei der Planung und Entwicklung von Spannwellen, Spanndornen, Spannk\u00f6pfen und Friktionswellen setzen wir auf Know-how und Fachkompetenz.","og_url":"https:\/\/wst-spannsysteme.de\/es\/","og_site_name":"WST-SPANNSYSTEME GMBH","article_modified_time":"2021-08-20T12:40:17+00:00","twitter_card":"summary_large_image","twitter_misc":{"Tiempo de lectura":"3 minutos"},"schema":{"@context":"https:\/\/schema.org","@graph":[{"@type":"WebPage","@id":"https:\/\/wst-spannsysteme.de\/es\/","url":"https:\/\/wst-spannsysteme.de\/es\/","name":"Spannwellen, Spanndorne & Spannk\u00f6pfe - WST-SPANNSYSTEME GMBH","isPartOf":{"@id":"https:\/\/wst-spannsysteme.de\/ru\/#website"},"datePublished":"2018-08-06T08:54:48+00:00","dateModified":"2021-08-20T12:40:17+00:00","description":"Bereits bei der Planung und Entwicklung von Spannwellen, Spanndornen, Spannk\u00f6pfen und Friktionswellen setzen wir auf Know-how und Fachkompetenz.","breadcrumb":{"@id":"https:\/\/wst-spannsysteme.de\/es\/#breadcrumb"},"inLanguage":"es","potentialAction":[{"@type":"ReadAction","target":["https:\/\/wst-spannsysteme.de\/es\/"]}]},{"@type":"BreadcrumbList","@id":"https:\/\/wst-spannsysteme.de\/es\/#breadcrumb","itemListElement":[{"@type":"ListItem","position":1,"name":"Startseite","item":"https:\/\/wst-spannsysteme.de\/es\/"},{"@type":"ListItem","position":2,"name":"Startseite"}]},{"@type":"WebSite","@id":"https:\/\/wst-spannsysteme.de\/ru\/#website","url":"https:\/\/wst-spannsysteme.de\/ru\/","name":"WST-SPANNSYSTEME GMBH","description":"","potentialAction":[{"@type":"SearchAction","target":{"@type":"EntryPoint","urlTemplate":"https:\/\/wst-spannsysteme.de\/ru\/?s={search_term_string}"},"query-input":{"@type":"PropertyValueSpecification","valueRequired":true,"valueName":"search_term_string"}}],"inLanguage":"es"}]}},"_links":{"self":[{"href":"https:\/\/wst-spannsysteme.de\/es\/wp-json\/wp\/v2\/pages\/1196","targetHints":{"allow":["GET"]}}],"collection":[{"href":"https:\/\/wst-spannsysteme.de\/es\/wp-json\/wp\/v2\/pages"}],"about":[{"href":"https:\/\/wst-spannsysteme.de\/es\/wp-json\/wp\/v2\/types\/page"}],"author":[{"embeddable":true,"href":"https:\/\/wst-spannsysteme.de\/es\/wp-json\/wp\/v2\/users\/2"}],"replies":[{"embeddable":true,"href":"https:\/\/wst-spannsysteme.de\/es\/wp-json\/wp\/v2\/comments?post=1196"}],"version-history":[{"count":6,"href":"https:\/\/wst-spannsysteme.de\/es\/wp-json\/wp\/v2\/pages\/1196\/revisions"}],"predecessor-version":[{"id":1316,"href":"https:\/\/wst-spannsysteme.de\/es\/wp-json\/wp\/v2\/pages\/1196\/revisions\/1316"}],"wp:attachment":[{"href":"https:\/\/wst-spannsysteme.de\/es\/wp-json\/wp\/v2\/media?parent=1196"}],"curies":[{"name":"wp","href":"https:\/\/api.w.org\/{rel}","templated":true}]}}