{"id":1104,"date":"2018-10-23T16:48:41","date_gmt":"2018-10-23T14:48:41","guid":{"rendered":"https:\/\/wst-spannsysteme.de\/lohnfertigung\/"},"modified":"2021-09-28T13:45:56","modified_gmt":"2021-09-28T11:45:56","slug":"fabricacion-a-medida","status":"publish","type":"page","link":"https:\/\/wst-spannsysteme.de\/es\/fabricacion-a-medida\/","title":{"rendered":"Fabricaci\u00f3n a medida"},"content":{"rendered":"<h2>Fabricaci\u00f3n a medida<\/h2>\n<p><strong>Adem\u00e1s de fabricar nuestros propios productos, ofrecemos servicios en modernas m\u00e1quinas de torneado y fresado convencionales y controladas por CNC.<\/strong><\/p>\n<p>Fabricamos y realizamos para usted piezas individuales y en serie seg\u00fan los requisitos del cliente.<\/p>\n<p>La precisi\u00f3n y la calidad, as\u00ed como la fiabilidad y el cumplimiento de los plazos, son para nosotros algo natural.<\/p>\n<p>Opciones de mecanizado para torneado y fresado.<\/p>\n<p>Con nuestros tornos podemos mecanizar piezas de hasta \u00d8 540 mm y una longitud de eje m\u00e1xima de 5040 mm. Para piezas cortas con longitud m\u00e1xima del eje de 250 mm, podemos procesar un \u00d8 m\u00e1ximo de 900 mm.<\/p>\n<p>Con nuestras fresadoras podemos mecanizar piezas de hasta \u00d8 400 mm y hasta una longitud de 3000 mm. Las distancias m\u00e1ximas de recorrido son en X =&gt; 1600 mm Y =&gt; 700 mm Z =&gt; 700 mm.<\/p>\n<p><strong>Ofrecemos:<\/strong><\/p>\n<p>Torneado<br \/>\nFresado<br \/>\nTaladrado<br \/>\nLijado<br \/>\nTemplado<br \/>\nSoldadura MIG\/MAG<br \/>\nSoldadura TIG<\/p>\n<p><strong>Procesamos:<\/strong><\/p>\n<p>Aceros estructurales<br \/>\nAceros templados<br \/>\nAceros de cementaci\u00f3n<br \/>\nAceros para herramientas<br \/>\nAcero inoxidable<br \/>\nHierro fundido<br \/>\nAluminio<br \/>\nLat\u00f3n<br \/>\nBronce<br \/>\nCobre<br \/>\nPl\u00e1sticos<\/p>\n","protected":false},"excerpt":{"rendered":"<p>Fabricaci\u00f3n a medida Adem\u00e1s de fabricar nuestros propios productos, ofrecemos servicios en modernas m\u00e1quinas de torneado y fresado convencionales y controladas por CNC. Fabricamos y realizamos para usted piezas individuales y en serie seg\u00fan los requisitos del cliente. La precisi\u00f3n y la calidad, as\u00ed como la fiabilidad y el cumplimiento de los plazos, son para [&hellip;]<\/p>\n","protected":false},"author":2,"featured_media":0,"parent":0,"menu_order":0,"comment_status":"closed","ping_status":"closed","template":"","meta":{"_acf_changed":false,"footnotes":""},"class_list":["post-1104","page","type-page","status-publish","hentry"],"acf":[],"yoast_head":"<!-- This site is optimized with the Yoast SEO plugin v27.4 - https:\/\/yoast.com\/product\/yoast-seo-wordpress\/ -->\n<title>Fabricaci\u00f3n a medida - WST-SPANNSYSTEME GMBH<\/title>\n<meta name=\"robots\" content=\"index, follow, max-snippet:-1, max-image-preview:large, max-video-preview:-1\" \/>\n<link rel=\"canonical\" href=\"https:\/\/wst-spannsysteme.de\/es\/fabricacion-a-medida\/\" \/>\n<meta property=\"og:locale\" content=\"es_ES\" \/>\n<meta property=\"og:type\" content=\"article\" \/>\n<meta property=\"og:title\" content=\"Fabricaci\u00f3n a medida - WST-SPANNSYSTEME GMBH\" \/>\n<meta property=\"og:description\" content=\"Fabricaci\u00f3n a medida Adem\u00e1s de fabricar nuestros propios productos, ofrecemos servicios en modernas m\u00e1quinas de torneado y fresado convencionales y controladas por CNC. Fabricamos y realizamos para usted piezas individuales y en serie seg\u00fan los requisitos del cliente. La precisi\u00f3n y la calidad, as\u00ed como la fiabilidad y el cumplimiento de los plazos, son para [&hellip;]\" \/>\n<meta property=\"og:url\" content=\"https:\/\/wst-spannsysteme.de\/es\/fabricacion-a-medida\/\" \/>\n<meta property=\"og:site_name\" content=\"WST-SPANNSYSTEME GMBH\" \/>\n<meta property=\"article:modified_time\" content=\"2021-09-28T11:45:56+00:00\" \/>\n<meta name=\"twitter:card\" content=\"summary_large_image\" \/>\n<meta name=\"twitter:label1\" content=\"Tiempo de lectura\" \/>\n\t<meta name=\"twitter:data1\" content=\"1 minuto\" \/>\n<script type=\"application\/ld+json\" class=\"yoast-schema-graph\">{\"@context\":\"https:\\\/\\\/schema.org\",\"@graph\":[{\"@type\":\"WebPage\",\"@id\":\"https:\\\/\\\/wst-spannsysteme.de\\\/es\\\/fabricacion-a-medida\\\/\",\"url\":\"https:\\\/\\\/wst-spannsysteme.de\\\/es\\\/fabricacion-a-medida\\\/\",\"name\":\"Fabricaci\u00f3n a medida - WST-SPANNSYSTEME GMBH\",\"isPartOf\":{\"@id\":\"https:\\\/\\\/wst-spannsysteme.de\\\/ru\\\/#website\"},\"datePublished\":\"2018-10-23T14:48:41+00:00\",\"dateModified\":\"2021-09-28T11:45:56+00:00\",\"breadcrumb\":{\"@id\":\"https:\\\/\\\/wst-spannsysteme.de\\\/es\\\/fabricacion-a-medida\\\/#breadcrumb\"},\"inLanguage\":\"es\",\"potentialAction\":[{\"@type\":\"ReadAction\",\"target\":[\"https:\\\/\\\/wst-spannsysteme.de\\\/es\\\/fabricacion-a-medida\\\/\"]}]},{\"@type\":\"BreadcrumbList\",\"@id\":\"https:\\\/\\\/wst-spannsysteme.de\\\/es\\\/fabricacion-a-medida\\\/#breadcrumb\",\"itemListElement\":[{\"@type\":\"ListItem\",\"position\":1,\"name\":\"Startseite\",\"item\":\"https:\\\/\\\/wst-spannsysteme.de\\\/es\\\/\"},{\"@type\":\"ListItem\",\"position\":2,\"name\":\"Fabricaci\u00f3n a medida\"}]},{\"@type\":\"WebSite\",\"@id\":\"https:\\\/\\\/wst-spannsysteme.de\\\/ru\\\/#website\",\"url\":\"https:\\\/\\\/wst-spannsysteme.de\\\/ru\\\/\",\"name\":\"WST-SPANNSYSTEME GMBH\",\"description\":\"\",\"potentialAction\":[{\"@type\":\"SearchAction\",\"target\":{\"@type\":\"EntryPoint\",\"urlTemplate\":\"https:\\\/\\\/wst-spannsysteme.de\\\/ru\\\/?s={search_term_string}\"},\"query-input\":{\"@type\":\"PropertyValueSpecification\",\"valueRequired\":true,\"valueName\":\"search_term_string\"}}],\"inLanguage\":\"es\"}]}<\/script>\n<!-- \/ Yoast SEO plugin. -->","yoast_head_json":{"title":"Fabricaci\u00f3n a medida - WST-SPANNSYSTEME GMBH","robots":{"index":"index","follow":"follow","max-snippet":"max-snippet:-1","max-image-preview":"max-image-preview:large","max-video-preview":"max-video-preview:-1"},"canonical":"https:\/\/wst-spannsysteme.de\/es\/fabricacion-a-medida\/","og_locale":"es_ES","og_type":"article","og_title":"Fabricaci\u00f3n a medida - WST-SPANNSYSTEME GMBH","og_description":"Fabricaci\u00f3n a medida Adem\u00e1s de fabricar nuestros propios productos, ofrecemos servicios en modernas m\u00e1quinas de torneado y fresado convencionales y controladas por CNC. Fabricamos y realizamos para usted piezas individuales y en serie seg\u00fan los requisitos del cliente. La precisi\u00f3n y la calidad, as\u00ed como la fiabilidad y el cumplimiento de los plazos, son para [&hellip;]","og_url":"https:\/\/wst-spannsysteme.de\/es\/fabricacion-a-medida\/","og_site_name":"WST-SPANNSYSTEME GMBH","article_modified_time":"2021-09-28T11:45:56+00:00","twitter_card":"summary_large_image","twitter_misc":{"Tiempo de lectura":"1 minuto"},"schema":{"@context":"https:\/\/schema.org","@graph":[{"@type":"WebPage","@id":"https:\/\/wst-spannsysteme.de\/es\/fabricacion-a-medida\/","url":"https:\/\/wst-spannsysteme.de\/es\/fabricacion-a-medida\/","name":"Fabricaci\u00f3n a medida - WST-SPANNSYSTEME GMBH","isPartOf":{"@id":"https:\/\/wst-spannsysteme.de\/ru\/#website"},"datePublished":"2018-10-23T14:48:41+00:00","dateModified":"2021-09-28T11:45:56+00:00","breadcrumb":{"@id":"https:\/\/wst-spannsysteme.de\/es\/fabricacion-a-medida\/#breadcrumb"},"inLanguage":"es","potentialAction":[{"@type":"ReadAction","target":["https:\/\/wst-spannsysteme.de\/es\/fabricacion-a-medida\/"]}]},{"@type":"BreadcrumbList","@id":"https:\/\/wst-spannsysteme.de\/es\/fabricacion-a-medida\/#breadcrumb","itemListElement":[{"@type":"ListItem","position":1,"name":"Startseite","item":"https:\/\/wst-spannsysteme.de\/es\/"},{"@type":"ListItem","position":2,"name":"Fabricaci\u00f3n a medida"}]},{"@type":"WebSite","@id":"https:\/\/wst-spannsysteme.de\/ru\/#website","url":"https:\/\/wst-spannsysteme.de\/ru\/","name":"WST-SPANNSYSTEME GMBH","description":"","potentialAction":[{"@type":"SearchAction","target":{"@type":"EntryPoint","urlTemplate":"https:\/\/wst-spannsysteme.de\/ru\/?s={search_term_string}"},"query-input":{"@type":"PropertyValueSpecification","valueRequired":true,"valueName":"search_term_string"}}],"inLanguage":"es"}]}},"_links":{"self":[{"href":"https:\/\/wst-spannsysteme.de\/es\/wp-json\/wp\/v2\/pages\/1104","targetHints":{"allow":["GET"]}}],"collection":[{"href":"https:\/\/wst-spannsysteme.de\/es\/wp-json\/wp\/v2\/pages"}],"about":[{"href":"https:\/\/wst-spannsysteme.de\/es\/wp-json\/wp\/v2\/types\/page"}],"author":[{"embeddable":true,"href":"https:\/\/wst-spannsysteme.de\/es\/wp-json\/wp\/v2\/users\/2"}],"replies":[{"embeddable":true,"href":"https:\/\/wst-spannsysteme.de\/es\/wp-json\/wp\/v2\/comments?post=1104"}],"version-history":[{"count":3,"href":"https:\/\/wst-spannsysteme.de\/es\/wp-json\/wp\/v2\/pages\/1104\/revisions"}],"predecessor-version":[{"id":1108,"href":"https:\/\/wst-spannsysteme.de\/es\/wp-json\/wp\/v2\/pages\/1104\/revisions\/1108"}],"wp:attachment":[{"href":"https:\/\/wst-spannsysteme.de\/es\/wp-json\/wp\/v2\/media?parent=1104"}],"curies":[{"name":"wp","href":"https:\/\/api.w.org\/{rel}","templated":true}]}}