{"id":1088,"date":"2018-08-06T10:57:12","date_gmt":"2018-08-06T08:57:12","guid":{"rendered":"https:\/\/wst-spannsysteme.de\/service\/"},"modified":"2021-09-28T13:51:02","modified_gmt":"2021-09-28T11:51:02","slug":"servicios","status":"publish","type":"page","link":"https:\/\/wst-spannsysteme.de\/es\/servicios\/","title":{"rendered":"Servicios"},"content":{"rendered":"<h2>Desarrollo<\/h2>\n<p><strong>Planificaci\u00f3n y ejecuci\u00f3n<\/strong><\/p>\n<p><img loading=\"lazy\" decoding=\"async\" class=\"size-full wp-image-317 alignright\" src=\"https:\/\/wst-spannsysteme.de\/wp-content\/uploads\/2018\/08\/entwicklung.png\" alt=\"\" width=\"200\" height=\"110\" \/>La experiencia de los trabajadores de WST abarca ahora un per\u00edodo de m\u00e1s de 30 a\u00f1os. Esto se traduce, en particular, en el desarrollo y perfeccionamiento de la gama de productos. La atenci\u00f3n se centra, por supuesto, en las adaptaciones espec\u00edficas del cliente.<\/p>\n<p>Cada pieza se desarrolla y se calcula individualmente seg\u00fan las necesidades y requisitos t\u00e9cnicos. Tambi\u00e9n se hace especial hincapi\u00e9 en la documentaci\u00f3n t\u00e9cnica. Por regla general, la documentaci\u00f3n ya est\u00e1 en poder del cliente antes de la entrega real. Las ventajas son evidentes: cualquier caracter\u00edstica especial, por ejemplo, durante el montaje, puede aclararse de antemano.<\/p>\n<p>Las reparaciones menores, como la sustituci\u00f3n de piezas de desgaste, se simplifican considerablemente. Tambi\u00e9n se facilita la adquisici\u00f3n de piezas de recambio. Por \u00faltimo, pero no por ello menos importante, se cumplen todos los requisitos legales.<\/p>\n<p>&nbsp;<\/p>\n<h2>Reparaci\u00f3n y mantenimiento de sistemas de sujeci\u00f3n<\/h2>\n<p><strong>Prolongue la vida \u00fatil de sus elementos de sujeci\u00f3n. \u00a1Reduzca los costes!<\/strong><\/p>\n<p><img loading=\"lazy\" decoding=\"async\" class=\"size-full wp-image-318 alignright\" src=\"https:\/\/wst-spannsysteme.de\/wp-content\/uploads\/2018\/08\/reparatur.png\" alt=\"\" width=\"140\" height=\"115\" \/>Adem\u00e1s de la fabricaci\u00f3n y el montaje de elementos de sujeci\u00f3n, el mantenimiento y la reparaci\u00f3n tambi\u00e9n forman parte de la gama de servicios que ofrece WST Spannsysteme. Como cualquier componente sometido a grandes esfuerzos, los ejes de sujeci\u00f3n, los mandriles y los cabezales tensores tambi\u00e9n necesitan un mantenimiento y un cuidado regulares..<\/p>\n<p>Adem\u00e1s de la sustituci\u00f3n sin problemas de las piezas de desgaste, en el propio taller de la empresa se llevan a cabo amplias reparaciones y trabajos de transformaci\u00f3n, por ejemplo, para reducir a\u00fan m\u00e1s el peso. \u00a1El mantenimiento a tiempo es rentable en cualquier caso!<\/p>\n<p>Si los defectos no se detectan hasta el momento de la producci\u00f3n, los costes de seguimiento asociados a las paradas de producci\u00f3n suelen ser mucho m\u00e1s elevados.<\/p>\n<p>Para evitar estos fallos o costes desde el principio, en el mejor de los casos, WST Spannsysteme le ofrece una asistencia completa: desde el dise\u00f1o y la fabricaci\u00f3n de sus elementos de sujeci\u00f3n hasta la reelaboraci\u00f3n y el mantenimiento profesionales.<\/p>\n<p>P\u00f3ngase en contacto con nosotros, responderemos a sus preguntas sobre sistemas de sujeci\u00f3n industriales.<br \/>\nHable con nosotros,<br \/>\n\u00a1estaremos encantados de asesorarle!<\/p>\n<h2>Fabricaci\u00f3n a medida<\/h2>\n<p><strong>Adem\u00e1s de fabricar nuestros propios productos, ofrecemos servicios en modernas m\u00e1quinas de torneado y fresado convencionales y controladas por CNC.<\/strong><\/p>\n<p>Fabricamos y realizamos para usted piezas individuales y en serie seg\u00fan los requisitos del cliente.<\/p>\n<p>La precisi\u00f3n y la calidad, as\u00ed como la fiabilidad y el cumplimiento de los plazos, son para nosotros algo natural.<\/p>\n<p>Opciones de mecanizado para torneado y fresado.<\/p>\n<p>Con nuestros tornos podemos mecanizar piezas de hasta \u00d8 540 mm y una longitud de eje m\u00e1xima de 5040 mm. Para piezas cortas con longitud m\u00e1xima del eje de 250 mm, podemos procesar un \u00d8 m\u00e1ximo de 900 mm.<\/p>\n<p>Con nuestras fresadoras podemos mecanizar piezas de hasta \u00d8 400 mm y hasta una longitud de 3000 mm. Las distancias m\u00e1ximas de recorrido son en X =&gt; 1600 mm Y =&gt; 700 mm Z =&gt; 700 mm.<\/p>\n<p><strong>Ofrecemos:<\/strong><\/p>\n<p>Torneado<br \/>\nFresado<br \/>\nTaladrado<br \/>\nLijado<br \/>\nTemplado<br \/>\nSoldadura MIG\/MAG<br \/>\nSoldadura TIG<\/p>\n<p><strong>Procesamos:<\/strong><\/p>\n<p>Aceros estructurales<br \/>\nAceros templados<br \/>\nAceros de cementaci\u00f3n<br \/>\nAceros para herramientas<br \/>\nAcero inoxidable<br \/>\nHierro fundido<br \/>\nAluminio<br \/>\nLat\u00f3n<br \/>\nBronce<br \/>\nCobre<br \/>\nPl\u00e1sticos<\/p>\n","protected":false},"excerpt":{"rendered":"<p>Desarrollo Planificaci\u00f3n y ejecuci\u00f3n La experiencia de los trabajadores de WST abarca ahora un per\u00edodo de m\u00e1s de 30 a\u00f1os. Esto se traduce, en particular, en el desarrollo y perfeccionamiento de la gama de productos. La atenci\u00f3n se centra, por supuesto, en las adaptaciones espec\u00edficas del cliente. Cada pieza se desarrolla y se calcula individualmente [&hellip;]<\/p>\n","protected":false},"author":2,"featured_media":0,"parent":0,"menu_order":0,"comment_status":"closed","ping_status":"closed","template":"unternehmen.php","meta":{"_acf_changed":false,"footnotes":""},"class_list":["post-1088","page","type-page","status-publish","hentry"],"acf":[],"yoast_head":"<!-- This site is optimized with the Yoast SEO plugin v27.5 - https:\/\/yoast.com\/product\/yoast-seo-wordpress\/ -->\n<title>Servicios - WST-SPANNSYSTEME GMBH<\/title>\n<meta name=\"description\" content=\"Neben der Fertigung und Montage von Spannelementen geh\u00f6ren auch Wartung und Reparatur zum Leistungsspektrum von WST Spannsysteme. Wie jedes stark ..\" \/>\n<meta name=\"robots\" content=\"index, follow, max-snippet:-1, max-image-preview:large, max-video-preview:-1\" \/>\n<link rel=\"canonical\" href=\"https:\/\/wst-spannsysteme.de\/es\/servicios\/\" \/>\n<meta property=\"og:locale\" content=\"es_ES\" \/>\n<meta property=\"og:type\" content=\"article\" \/>\n<meta property=\"og:title\" content=\"Servicios - WST-SPANNSYSTEME GMBH\" \/>\n<meta property=\"og:description\" content=\"Neben der Fertigung und Montage von Spannelementen geh\u00f6ren auch Wartung und Reparatur zum Leistungsspektrum von WST Spannsysteme. Wie jedes stark ..\" \/>\n<meta property=\"og:url\" content=\"https:\/\/wst-spannsysteme.de\/es\/servicios\/\" \/>\n<meta property=\"og:site_name\" content=\"WST-SPANNSYSTEME GMBH\" \/>\n<meta property=\"article:modified_time\" content=\"2021-09-28T11:51:02+00:00\" \/>\n<meta property=\"og:image\" content=\"https:\/\/wst-spannsysteme.de\/wp-content\/uploads\/2018\/08\/entwicklung.png\" \/>\n<meta name=\"twitter:card\" content=\"summary_large_image\" \/>\n<meta name=\"twitter:label1\" content=\"Tiempo de lectura\" \/>\n\t<meta name=\"twitter:data1\" content=\"3 minutos\" \/>\n<script type=\"application\/ld+json\" class=\"yoast-schema-graph\">{\"@context\":\"https:\\\/\\\/schema.org\",\"@graph\":[{\"@type\":\"WebPage\",\"@id\":\"https:\\\/\\\/wst-spannsysteme.de\\\/es\\\/servicios\\\/\",\"url\":\"https:\\\/\\\/wst-spannsysteme.de\\\/es\\\/servicios\\\/\",\"name\":\"Servicios - WST-SPANNSYSTEME GMBH\",\"isPartOf\":{\"@id\":\"https:\\\/\\\/wst-spannsysteme.de\\\/ru\\\/#website\"},\"primaryImageOfPage\":{\"@id\":\"https:\\\/\\\/wst-spannsysteme.de\\\/es\\\/servicios\\\/#primaryimage\"},\"image\":{\"@id\":\"https:\\\/\\\/wst-spannsysteme.de\\\/es\\\/servicios\\\/#primaryimage\"},\"thumbnailUrl\":\"https:\\\/\\\/wst-spannsysteme.de\\\/wp-content\\\/uploads\\\/2018\\\/08\\\/entwicklung.png\",\"datePublished\":\"2018-08-06T08:57:12+00:00\",\"dateModified\":\"2021-09-28T11:51:02+00:00\",\"description\":\"Neben der Fertigung und Montage von Spannelementen geh\u00f6ren auch Wartung und Reparatur zum Leistungsspektrum von WST Spannsysteme. Wie jedes stark ..\",\"breadcrumb\":{\"@id\":\"https:\\\/\\\/wst-spannsysteme.de\\\/es\\\/servicios\\\/#breadcrumb\"},\"inLanguage\":\"es\",\"potentialAction\":[{\"@type\":\"ReadAction\",\"target\":[\"https:\\\/\\\/wst-spannsysteme.de\\\/es\\\/servicios\\\/\"]}]},{\"@type\":\"ImageObject\",\"inLanguage\":\"es\",\"@id\":\"https:\\\/\\\/wst-spannsysteme.de\\\/es\\\/servicios\\\/#primaryimage\",\"url\":\"https:\\\/\\\/wst-spannsysteme.de\\\/wp-content\\\/uploads\\\/2018\\\/08\\\/entwicklung.png\",\"contentUrl\":\"https:\\\/\\\/wst-spannsysteme.de\\\/wp-content\\\/uploads\\\/2018\\\/08\\\/entwicklung.png\"},{\"@type\":\"BreadcrumbList\",\"@id\":\"https:\\\/\\\/wst-spannsysteme.de\\\/es\\\/servicios\\\/#breadcrumb\",\"itemListElement\":[{\"@type\":\"ListItem\",\"position\":1,\"name\":\"Startseite\",\"item\":\"https:\\\/\\\/wst-spannsysteme.de\\\/es\\\/\"},{\"@type\":\"ListItem\",\"position\":2,\"name\":\"Servicios\"}]},{\"@type\":\"WebSite\",\"@id\":\"https:\\\/\\\/wst-spannsysteme.de\\\/ru\\\/#website\",\"url\":\"https:\\\/\\\/wst-spannsysteme.de\\\/ru\\\/\",\"name\":\"WST-SPANNSYSTEME GMBH\",\"description\":\"\",\"potentialAction\":[{\"@type\":\"SearchAction\",\"target\":{\"@type\":\"EntryPoint\",\"urlTemplate\":\"https:\\\/\\\/wst-spannsysteme.de\\\/ru\\\/?s={search_term_string}\"},\"query-input\":{\"@type\":\"PropertyValueSpecification\",\"valueRequired\":true,\"valueName\":\"search_term_string\"}}],\"inLanguage\":\"es\"}]}<\/script>\n<!-- \/ Yoast SEO plugin. -->","yoast_head_json":{"title":"Servicios - WST-SPANNSYSTEME GMBH","description":"Neben der Fertigung und Montage von Spannelementen geh\u00f6ren auch Wartung und Reparatur zum Leistungsspektrum von WST Spannsysteme. Wie jedes stark ..","robots":{"index":"index","follow":"follow","max-snippet":"max-snippet:-1","max-image-preview":"max-image-preview:large","max-video-preview":"max-video-preview:-1"},"canonical":"https:\/\/wst-spannsysteme.de\/es\/servicios\/","og_locale":"es_ES","og_type":"article","og_title":"Servicios - WST-SPANNSYSTEME GMBH","og_description":"Neben der Fertigung und Montage von Spannelementen geh\u00f6ren auch Wartung und Reparatur zum Leistungsspektrum von WST Spannsysteme. Wie jedes stark ..","og_url":"https:\/\/wst-spannsysteme.de\/es\/servicios\/","og_site_name":"WST-SPANNSYSTEME GMBH","article_modified_time":"2021-09-28T11:51:02+00:00","og_image":[{"url":"https:\/\/wst-spannsysteme.de\/wp-content\/uploads\/2018\/08\/entwicklung.png","type":"","width":"","height":""}],"twitter_card":"summary_large_image","twitter_misc":{"Tiempo de lectura":"3 minutos"},"schema":{"@context":"https:\/\/schema.org","@graph":[{"@type":"WebPage","@id":"https:\/\/wst-spannsysteme.de\/es\/servicios\/","url":"https:\/\/wst-spannsysteme.de\/es\/servicios\/","name":"Servicios - WST-SPANNSYSTEME GMBH","isPartOf":{"@id":"https:\/\/wst-spannsysteme.de\/ru\/#website"},"primaryImageOfPage":{"@id":"https:\/\/wst-spannsysteme.de\/es\/servicios\/#primaryimage"},"image":{"@id":"https:\/\/wst-spannsysteme.de\/es\/servicios\/#primaryimage"},"thumbnailUrl":"https:\/\/wst-spannsysteme.de\/wp-content\/uploads\/2018\/08\/entwicklung.png","datePublished":"2018-08-06T08:57:12+00:00","dateModified":"2021-09-28T11:51:02+00:00","description":"Neben der Fertigung und Montage von Spannelementen geh\u00f6ren auch Wartung und Reparatur zum Leistungsspektrum von WST Spannsysteme. Wie jedes stark ..","breadcrumb":{"@id":"https:\/\/wst-spannsysteme.de\/es\/servicios\/#breadcrumb"},"inLanguage":"es","potentialAction":[{"@type":"ReadAction","target":["https:\/\/wst-spannsysteme.de\/es\/servicios\/"]}]},{"@type":"ImageObject","inLanguage":"es","@id":"https:\/\/wst-spannsysteme.de\/es\/servicios\/#primaryimage","url":"https:\/\/wst-spannsysteme.de\/wp-content\/uploads\/2018\/08\/entwicklung.png","contentUrl":"https:\/\/wst-spannsysteme.de\/wp-content\/uploads\/2018\/08\/entwicklung.png"},{"@type":"BreadcrumbList","@id":"https:\/\/wst-spannsysteme.de\/es\/servicios\/#breadcrumb","itemListElement":[{"@type":"ListItem","position":1,"name":"Startseite","item":"https:\/\/wst-spannsysteme.de\/es\/"},{"@type":"ListItem","position":2,"name":"Servicios"}]},{"@type":"WebSite","@id":"https:\/\/wst-spannsysteme.de\/ru\/#website","url":"https:\/\/wst-spannsysteme.de\/ru\/","name":"WST-SPANNSYSTEME GMBH","description":"","potentialAction":[{"@type":"SearchAction","target":{"@type":"EntryPoint","urlTemplate":"https:\/\/wst-spannsysteme.de\/ru\/?s={search_term_string}"},"query-input":{"@type":"PropertyValueSpecification","valueRequired":true,"valueName":"search_term_string"}}],"inLanguage":"es"}]}},"_links":{"self":[{"href":"https:\/\/wst-spannsysteme.de\/es\/wp-json\/wp\/v2\/pages\/1088","targetHints":{"allow":["GET"]}}],"collection":[{"href":"https:\/\/wst-spannsysteme.de\/es\/wp-json\/wp\/v2\/pages"}],"about":[{"href":"https:\/\/wst-spannsysteme.de\/es\/wp-json\/wp\/v2\/types\/page"}],"author":[{"embeddable":true,"href":"https:\/\/wst-spannsysteme.de\/es\/wp-json\/wp\/v2\/users\/2"}],"replies":[{"embeddable":true,"href":"https:\/\/wst-spannsysteme.de\/es\/wp-json\/wp\/v2\/comments?post=1088"}],"version-history":[{"count":3,"href":"https:\/\/wst-spannsysteme.de\/es\/wp-json\/wp\/v2\/pages\/1088\/revisions"}],"predecessor-version":[{"id":1521,"href":"https:\/\/wst-spannsysteme.de\/es\/wp-json\/wp\/v2\/pages\/1088\/revisions\/1521"}],"wp:attachment":[{"href":"https:\/\/wst-spannsysteme.de\/es\/wp-json\/wp\/v2\/media?parent=1088"}],"curies":[{"name":"wp","href":"https:\/\/api.w.org\/{rel}","templated":true}]}}